{"id":2875,"date":"2022-05-09T15:57:10","date_gmt":"2022-05-09T13:57:10","guid":{"rendered":"https:\/\/consulting.groupe-sos.org\/references\/"},"modified":"2024-04-17T16:09:11","modified_gmt":"2024-04-17T14:09:11","slug":"references","status":"publish","type":"page","link":"https:\/\/consulting.groupe-sos.org\/en\/references\/","title":{"rendered":"Our references"},"content":{"rendered":"<div id=\"field_627a6c82f0827\" class=\"container-fluid px-0 flexible_section titlepage block_columns\">\n <div id=\"field_627a6c82f0827_inner\" class=\"container flexible_section_inner\">\n\n   <div class=\"row flexible_section_content\">\n\n   <div class=\"col-sm-12 colonne colonne1\">\n    <div class=\"colonne_inner  text-left\">\n<h1 class=\"white\">Our references<\/h1>\n    <\/div>\n   <\/div>\n  <\/div>\n\n <\/div>\n<\/div>\n\n\n<div id=\"field_627bce52aee02\" class=\"container-fluid px-0 flexible_section block_categorygrid\">\n <div id=\"field_627bce52aee02_inner\" class=\"container flexible_section_inner\">\n\n  <div class=\"row flexible_section_title_container\"><div class=\"col-12 flexible_section_title_col\"><h2 class=\"flexible_section_title mb-5 text-center  \">Publics institutions<\/h2><\/div><\/div>\n<div class=\"container-fluid px-0\" id=\"grid_627bce52aee02_outer\">\n<div class=\"container px-0\">\n  <div class=\"row row-cols-2 row-cols-md-4 row-cols-lg-4 flexible_section_content\" id=\"grid_627bce52aee02\">\n   <div class=\"col-sm-6 col-md-3 col-lg-3  item mb-3 elem-1\">\n<div class=\"reference\"><img decoding=\"async\" src=\"https:\/\/consulting.groupe-sos.org\/wp-content\/uploads\/2022\/05\/ile-de-france.png\" alt=\"R\u00e9gion Ile-deFrance\" \/><\/div>   <\/div>\n   <div class=\"col-sm-6 col-md-3 col-lg-3  item mb-3 elem-2\">\n<div class=\"reference\"><img decoding=\"async\" src=\"https:\/\/consulting.groupe-sos.org\/wp-content\/uploads\/2022\/05\/service-militaire-volonaire.png\" alt=\"Armer pour l'emploi\" \/><\/div>   <\/div>\n   <div class=\"col-sm-6 col-md-3 col-lg-3  item mb-3 elem-3\">\n<div class=\"reference\"><img decoding=\"async\" src=\"https:\/\/consulting.groupe-sos.org\/wp-content\/uploads\/2022\/05\/pact-for-impact.png\" alt=\"Pact for impact\" \/><\/div>   <\/div>\n   <div class=\"col-sm-6 col-md-3 col-lg-3  item mb-3 elem-4\">\n<div class=\"reference\"><img decoding=\"async\" src=\"https:\/\/consulting.groupe-sos.org\/wp-content\/uploads\/2022\/05\/buenos-aires-ciudad.png\" alt=\"Buenos Aires Ciutad\" \/><\/div>   <\/div>\n   <div class=\"col-sm-6 col-md-3 col-lg-3  item mb-3 elem-5\">\n<div class=\"reference\"><img decoding=\"async\" src=\"https:\/\/consulting.groupe-sos.org\/wp-content\/uploads\/2022\/05\/cnav.png\" alt=\"CNAV\" \/><\/div>   <\/div>\n   <div class=\"col-sm-6 col-md-3 col-lg-3  item mb-3 elem-6\">\n<div class=\"reference\"><img decoding=\"async\" src=\"https:\/\/consulting.groupe-sos.org\/wp-content\/uploads\/2022\/08\/Aneti.png\" alt=\"Agence Nationale pour l'Emploi et le Travail ind\u00e9pendant\" \/><\/div>   <\/div>\n   <div class=\"col-sm-6 col-md-3 col-lg-3  item mb-3 elem-7\">\n<div class=\"reference\"><img decoding=\"async\" src=\"https:\/\/consulting.groupe-sos.org\/wp-content\/uploads\/2022\/08\/ARS-Guadeloupe-1.png\" alt=\"Agence R\u00e9gionale de Sant\u00e9 Guadeloupe\" \/><\/div>   <\/div>\n   <div class=\"col-sm-6 col-md-3 col-lg-3  item mb-3 elem-8\">\n<div class=\"reference\"><img decoding=\"async\" src=\"https:\/\/consulting.groupe-sos.org\/wp-content\/uploads\/2022\/08\/Secretariat-dEtat-ESS-1.png\" alt=\"State Secretariat for the Social, Solidarity and Responsible Economy\" \/><\/div>   <\/div>\n   <div class=\"col-sm-6 col-md-3 col-lg-3  item mb-3 elem-9\">\n<div class=\"reference\"><img decoding=\"async\" src=\"\" alt=\"Commission for the fight against poverty in Auvergne Rh\u00f4ne-Alpes\" \/><\/div>   <\/div>\n  <\/div>\n<\/div>\n<\/div>\n <\/div>\n<\/div>\n\n\n<div id=\"field_627bcf8333243\" class=\"container-fluid px-0 flexible_section block_categorygrid\">\n <div id=\"field_627bcf8333243_inner\" class=\"container flexible_section_inner\">\n\n  <div class=\"row flexible_section_title_container\"><div class=\"col-12 flexible_section_title_col\"><h2 class=\"flexible_section_title mb-5 text-center  \">SSE, NGO and social business<\/h2><\/div><\/div>\n<div class=\"container-fluid px-0\" id=\"grid_627bcf8333243_outer\">\n<div class=\"container px-0\">\n  <div class=\"row row-cols-2 row-cols-md-4 row-cols-lg-4 flexible_section_content\" id=\"grid_627bcf8333243\">\n   <div class=\"col-sm-6 col-md-3 col-lg-3  item mb-3 elem-1\">\n<div class=\"reference\"><img decoding=\"async\" src=\"https:\/\/consulting.groupe-sos.org\/wp-content\/uploads\/2022\/05\/andes.png\" alt=\"ANDES\" \/><\/div>   <\/div>\n   <div class=\"col-sm-6 col-md-3 col-lg-3  item mb-3 elem-2\">\n<div class=\"reference\"><img decoding=\"async\" src=\"https:\/\/consulting.groupe-sos.org\/wp-content\/uploads\/2022\/05\/fondation-abdelkader-bansalah.png\" alt=\"Fondation Bensalah\" \/><\/div>   <\/div>\n   <div class=\"col-sm-6 col-md-3 col-lg-3  item mb-3 elem-3\">\n<div class=\"reference\"><img decoding=\"async\" src=\"https:\/\/consulting.groupe-sos.org\/wp-content\/uploads\/2022\/08\/Groupe-SOS-Solidarites.png\" alt=\"Groupe SOS Solidarit\u00e9s\" \/><\/div>   <\/div>\n   <div class=\"col-sm-6 col-md-3 col-lg-3  item mb-3 elem-4\">\n<div class=\"reference\"><img decoding=\"async\" src=\"https:\/\/consulting.groupe-sos.org\/wp-content\/uploads\/2022\/05\/medecins-du-monde.png\" alt=\"M\u00e9decins du monde\" \/><\/div>   <\/div>\n   <div class=\"col-sm-6 col-md-3 col-lg-3  item mb-3 elem-5\">\n<div class=\"reference\"><img decoding=\"async\" src=\"https:\/\/consulting.groupe-sos.org\/wp-content\/uploads\/2022\/05\/seniors-connect.png\" alt=\"Seniors connect\" \/><\/div>   <\/div>\n   <div class=\"col-sm-6 col-md-3 col-lg-3  item mb-3 elem-6\">\n<div class=\"reference\"><img decoding=\"async\" src=\"https:\/\/consulting.groupe-sos.org\/wp-content\/uploads\/2022\/05\/silver-fourchette-2.png\" alt=\"Silver Fourchette\" \/><\/div>   <\/div>\n   <div class=\"col-sm-6 col-md-3 col-lg-3  item mb-3 elem-7\">\n<div class=\"reference\"><img decoding=\"async\" src=\"https:\/\/consulting.groupe-sos.org\/wp-content\/uploads\/2022\/08\/UAF-Tanger.png\" alt=\"Union de l'Action F\u00e9ministe Tanger\" \/><\/div>   <\/div>\n   <div class=\"col-sm-6 col-md-3 col-lg-3  item mb-3 elem-8\">\n<div class=\"reference\"><img decoding=\"async\" src=\"https:\/\/consulting.groupe-sos.org\/wp-content\/uploads\/2022\/08\/Institut-Prometheus-1.png\" alt=\"Institut Prometheus\" \/><\/div>   <\/div>\n   <div class=\"col-sm-6 col-md-3 col-lg-3  item mb-3 elem-9\">\n<div class=\"reference\"><img decoding=\"async\" src=\"https:\/\/consulting.groupe-sos.org\/wp-content\/uploads\/2022\/08\/Groupe-SOS-Solidarites.png\" alt=\"Groupe SOS Solidarit\u00e9s\" \/><\/div>   <\/div>\n   <div class=\"col-sm-6 col-md-3 col-lg-3  item mb-3 elem-10\">\n<div class=\"reference\"><img decoding=\"async\" src=\"https:\/\/consulting.groupe-sos.org\/wp-content\/uploads\/2022\/08\/SFB.png\" alt=\"French Benevolent Society\" \/><\/div>   <\/div>\n   <div class=\"col-sm-6 col-md-3 col-lg-3  item mb-3 elem-11\">\n<div class=\"reference\"><img decoding=\"async\" src=\"https:\/\/consulting.groupe-sos.org\/wp-content\/uploads\/2022\/08\/OIT.png\" alt=\"International Labor Organization\" \/><\/div>   <\/div>\n   <div class=\"col-sm-6 col-md-3 col-lg-3  item mb-3 elem-12\">\n<div class=\"reference\"><img decoding=\"async\" src=\"https:\/\/consulting.groupe-sos.org\/wp-content\/uploads\/2022\/08\/Prepapp.png\" alt=\"Pr\u00e9papp\" \/><\/div>   <\/div>\n   <div class=\"col-sm-6 col-md-3 col-lg-3  item mb-3 elem-13\">\n<div class=\"reference\"><img decoding=\"async\" src=\"https:\/\/consulting.groupe-sos.org\/wp-content\/uploads\/2022\/08\/Cap-inclusion.png\" alt=\"Cap Inclusion\" \/><\/div>   <\/div>\n   <div class=\"col-sm-6 col-md-3 col-lg-3  item mb-3 elem-14\">\n<div class=\"reference\"><img decoding=\"async\" src=\"https:\/\/consulting.groupe-sos.org\/wp-content\/uploads\/2022\/08\/Park-Numerique.png\" alt=\"Park Num\u00e9rique\" \/><\/div>   <\/div>\n   <div class=\"col-sm-6 col-md-3 col-lg-3  item mb-3 elem-15\">\n<div class=\"reference\"><img decoding=\"async\" src=\"https:\/\/consulting.groupe-sos.org\/wp-content\/uploads\/2022\/05\/andes.png\" alt=\"ANDES\" \/><\/div>   <\/div>\n   <div class=\"col-sm-6 col-md-3 col-lg-3  item mb-3 elem-16\">\n<div class=\"reference\"><img decoding=\"async\" src=\"https:\/\/consulting.groupe-sos.org\/wp-content\/uploads\/2022\/08\/Germinal.png\" alt=\"Germinal\" \/><\/div>   <\/div>\n   <div class=\"col-sm-6 col-md-3 col-lg-3  item mb-3 elem-17\">\n<div class=\"reference\"><img decoding=\"async\" src=\"https:\/\/consulting.groupe-sos.org\/wp-content\/uploads\/2022\/08\/Groupe-SOS.png\" alt=\"Groupe SOS\" \/><\/div>   <\/div>\n  <\/div>\n<\/div>\n<\/div>\n <\/div>\n<\/div>\n\n\n<div id=\"field_627bcfda2e9b4\" class=\"container-fluid px-0 flexible_section block_categorygrid\">\n <div id=\"field_627bcfda2e9b4_inner\" class=\"container flexible_section_inner\">\n\n  <div class=\"row flexible_section_title_container\"><div class=\"col-12 flexible_section_title_col\"><h2 class=\"flexible_section_title mb-5 text-center  \">Engaged companies<\/h2><\/div><\/div>\n<div class=\"container-fluid px-0\" id=\"grid_627bcfda2e9b4_outer\">\n<div class=\"container px-0\">\n  <div class=\"row row-cols-2 row-cols-md-4 row-cols-lg-4 flexible_section_content\" id=\"grid_627bcfda2e9b4\">\n   <div class=\"col-sm-6 col-md-3 col-lg-3  item mb-3 elem-1\">\n<div class=\"reference\"><img decoding=\"async\" src=\"https:\/\/consulting.groupe-sos.org\/wp-content\/uploads\/2022\/05\/ametis.png\" alt=\"Ametis\" \/><\/div>   <\/div>\n   <div class=\"col-sm-6 col-md-3 col-lg-3  item mb-3 elem-2\">\n<div class=\"reference\"><img decoding=\"async\" src=\"https:\/\/consulting.groupe-sos.org\/wp-content\/uploads\/2022\/05\/bouygues-immobilier.png\" alt=\"Bouygues immobilier\" \/><\/div>   <\/div>\n   <div class=\"col-sm-6 col-md-3 col-lg-3  item mb-3 elem-3\">\n<div class=\"reference\"><img decoding=\"async\" src=\"https:\/\/consulting.groupe-sos.org\/wp-content\/uploads\/2022\/05\/Fondation_de_Luxembourg_Logo.png\" alt=\"Fondation de Luxembourg\" \/><\/div>   <\/div>\n   <div class=\"col-sm-6 col-md-3 col-lg-3  item mb-3 elem-4\">\n<div class=\"reference\"><img decoding=\"async\" src=\"https:\/\/consulting.groupe-sos.org\/wp-content\/uploads\/2022\/05\/loxam.png\" alt=\"Loxam\" \/><\/div>   <\/div>\n   <div class=\"col-sm-6 col-md-3 col-lg-3  item mb-3 elem-5\">\n<div class=\"reference\"><img decoding=\"async\" src=\"https:\/\/consulting.groupe-sos.org\/wp-content\/uploads\/2022\/05\/malakoff-humanis.png\" alt=\"Malakoff\" \/><\/div>   <\/div>\n   <div class=\"col-sm-6 col-md-3 col-lg-3  item mb-3 elem-6\">\n<div class=\"reference\"><img decoding=\"async\" src=\"https:\/\/consulting.groupe-sos.org\/wp-content\/uploads\/2022\/05\/mutest.png\" alt=\"Mutest\" \/><\/div>   <\/div>\n   <div class=\"col-sm-6 col-md-3 col-lg-3  item mb-3 elem-7\">\n<div class=\"reference\"><img decoding=\"async\" src=\"https:\/\/consulting.groupe-sos.org\/wp-content\/uploads\/2022\/05\/sncf-1.png\" alt=\"SNCF Gares\" \/><\/div>   <\/div>\n   <div class=\"col-sm-6 col-md-3 col-lg-3  item mb-3 elem-8\">\n<div class=\"reference\"><img decoding=\"async\" src=\"https:\/\/consulting.groupe-sos.org\/wp-content\/uploads\/2022\/05\/sogeprom-1.png\" alt=\"Sogeprom\" \/><\/div>   <\/div>\n   <div class=\"col-sm-6 col-md-3 col-lg-3  item mb-3 elem-9\">\n<div class=\"reference\"><img decoding=\"async\" src=\"https:\/\/consulting.groupe-sos.org\/wp-content\/uploads\/2022\/08\/CA-Nord-Midi-Pyrenees.png\" alt=\"Cr\u00e9dit Agricole Nord Midi-Pyr\u00e9n\u00e9es\" \/><\/div>   <\/div>\n   <div class=\"col-sm-6 col-md-3 col-lg-3  item mb-3 elem-10\">\n<div class=\"reference\"><img decoding=\"async\" src=\"https:\/\/consulting.groupe-sos.org\/wp-content\/uploads\/2022\/08\/Omnes-Education.png\" alt=\"Omnes Education\" \/><\/div>   <\/div>\n   <div class=\"col-sm-6 col-md-3 col-lg-3  item mb-3 elem-11\">\n<div class=\"reference\"><img decoding=\"async\" src=\"https:\/\/consulting.groupe-sos.org\/wp-content\/uploads\/2022\/08\/ESSEC.png\" alt=\"Labo E&#038;MIS ESSEC Business School\" \/><\/div>   <\/div>\n   <div class=\"col-sm-6 col-md-3 col-lg-3  item mb-3 elem-12\">\n<div class=\"reference\"><img decoding=\"async\" src=\"https:\/\/consulting.groupe-sos.org\/wp-content\/uploads\/2022\/08\/Bash.png\" alt=\"ba&#038;sh\" \/><\/div>   <\/div>\n  <\/div>\n<\/div>\n<\/div>\n <\/div>\n<\/div>\n","protected":false},"excerpt":{"rendered":"","protected":false},"author":1,"featured_media":0,"parent":0,"menu_order":0,"comment_status":"closed","ping_status":"closed","template":"page-flexipow.php","meta":{"_acf_changed":false,"inline_featured_image":false,"footnotes":""},"class_list":["post-2875","page","type-page","status-publish","hentry"],"acf":[],"yoast_head":"<!-- This site is optimized with the Yoast SEO plugin v27.4 - https:\/\/yoast.com\/product\/yoast-seo-wordpress\/ -->\n<title>Our references - Groupe SOS Consulting<\/title>\n<meta name=\"robots\" content=\"index, follow, max-snippet:-1, max-image-preview:large, max-video-preview:-1\" \/>\n<link rel=\"canonical\" href=\"https:\/\/consulting.groupe-sos.org\/en\/references\/\" \/>\n<meta property=\"og:locale\" content=\"en_US\" \/>\n<meta property=\"og:type\" content=\"article\" \/>\n<meta property=\"og:title\" content=\"Our references - Groupe SOS Consulting\" \/>\n<meta property=\"og:url\" content=\"https:\/\/consulting.groupe-sos.org\/en\/references\/\" \/>\n<meta property=\"og:site_name\" content=\"Groupe SOS Consulting\" \/>\n<meta property=\"article:modified_time\" content=\"2024-04-17T14:09:11+00:00\" \/>\n<meta name=\"twitter:card\" content=\"summary_large_image\" \/>\n<meta name=\"twitter:site\" content=\"@gsosconsulting\" \/>\n<meta name=\"twitter:label1\" content=\"Est. reading time\" \/>\n\t<meta name=\"twitter:data1\" content=\"8 minutes\" \/>\n<script type=\"application\/ld+json\" class=\"yoast-schema-graph\">{\"@context\":\"https:\\\/\\\/schema.org\",\"@graph\":[{\"@type\":\"WebPage\",\"@id\":\"https:\\\/\\\/consulting.groupe-sos.org\\\/en\\\/references\\\/\",\"url\":\"https:\\\/\\\/consulting.groupe-sos.org\\\/en\\\/references\\\/\",\"name\":\"Our references - Groupe SOS Consulting\",\"isPartOf\":{\"@id\":\"https:\\\/\\\/consulting.groupe-sos.org\\\/en\\\/#website\"},\"datePublished\":\"2022-05-09T13:57:10+00:00\",\"dateModified\":\"2024-04-17T14:09:11+00:00\",\"breadcrumb\":{\"@id\":\"https:\\\/\\\/consulting.groupe-sos.org\\\/en\\\/references\\\/#breadcrumb\"},\"inLanguage\":\"en-US\",\"potentialAction\":[{\"@type\":\"ReadAction\",\"target\":[\"https:\\\/\\\/consulting.groupe-sos.org\\\/en\\\/references\\\/\"]}]},{\"@type\":\"BreadcrumbList\",\"@id\":\"https:\\\/\\\/consulting.groupe-sos.org\\\/en\\\/references\\\/#breadcrumb\",\"itemListElement\":[{\"@type\":\"ListItem\",\"position\":1,\"name\":\"Accueil\",\"item\":\"https:\\\/\\\/consulting.groupe-sos.org\\\/en\\\/\"},{\"@type\":\"ListItem\",\"position\":2,\"name\":\"Our references\"}]},{\"@type\":\"WebSite\",\"@id\":\"https:\\\/\\\/consulting.groupe-sos.org\\\/en\\\/#website\",\"url\":\"https:\\\/\\\/consulting.groupe-sos.org\\\/en\\\/\",\"name\":\"Groupe SOS Consulting\",\"description\":\"#impacthackers\",\"publisher\":{\"@id\":\"https:\\\/\\\/consulting.groupe-sos.org\\\/en\\\/#organization\"},\"potentialAction\":[{\"@type\":\"SearchAction\",\"target\":{\"@type\":\"EntryPoint\",\"urlTemplate\":\"https:\\\/\\\/consulting.groupe-sos.org\\\/en\\\/?s={search_term_string}\"},\"query-input\":{\"@type\":\"PropertyValueSpecification\",\"valueRequired\":true,\"valueName\":\"search_term_string\"}}],\"inLanguage\":\"en-US\"},{\"@type\":\"Organization\",\"@id\":\"https:\\\/\\\/consulting.groupe-sos.org\\\/en\\\/#organization\",\"name\":\"GROUPE SOS Consulting\",\"url\":\"https:\\\/\\\/consulting.groupe-sos.org\\\/en\\\/\",\"logo\":{\"@type\":\"ImageObject\",\"inLanguage\":\"en-US\",\"@id\":\"https:\\\/\\\/consulting.groupe-sos.org\\\/en\\\/#\\\/schema\\\/logo\\\/image\\\/\",\"url\":\"https:\\\/\\\/consulting.groupe-sos.org\\\/wp-content\\\/uploads\\\/2022\\\/05\\\/groupesos-consulting-md.png\",\"contentUrl\":\"https:\\\/\\\/consulting.groupe-sos.org\\\/wp-content\\\/uploads\\\/2022\\\/05\\\/groupesos-consulting-md.png\",\"width\":208,\"height\":80,\"caption\":\"GROUPE SOS Consulting\"},\"image\":{\"@id\":\"https:\\\/\\\/consulting.groupe-sos.org\\\/en\\\/#\\\/schema\\\/logo\\\/image\\\/\"},\"sameAs\":[\"https:\\\/\\\/x.com\\\/gsosconsulting\"]}]}<\/script>\n<!-- \/ Yoast SEO plugin. -->","yoast_head_json":{"title":"Our references - Groupe SOS Consulting","robots":{"index":"index","follow":"follow","max-snippet":"max-snippet:-1","max-image-preview":"max-image-preview:large","max-video-preview":"max-video-preview:-1"},"canonical":"https:\/\/consulting.groupe-sos.org\/en\/references\/","og_locale":"en_US","og_type":"article","og_title":"Our references - Groupe SOS Consulting","og_url":"https:\/\/consulting.groupe-sos.org\/en\/references\/","og_site_name":"Groupe SOS Consulting","article_modified_time":"2024-04-17T14:09:11+00:00","twitter_card":"summary_large_image","twitter_site":"@gsosconsulting","twitter_misc":{"Est. reading time":"8 minutes"},"schema":{"@context":"https:\/\/schema.org","@graph":[{"@type":"WebPage","@id":"https:\/\/consulting.groupe-sos.org\/en\/references\/","url":"https:\/\/consulting.groupe-sos.org\/en\/references\/","name":"Our references - Groupe SOS Consulting","isPartOf":{"@id":"https:\/\/consulting.groupe-sos.org\/en\/#website"},"datePublished":"2022-05-09T13:57:10+00:00","dateModified":"2024-04-17T14:09:11+00:00","breadcrumb":{"@id":"https:\/\/consulting.groupe-sos.org\/en\/references\/#breadcrumb"},"inLanguage":"en-US","potentialAction":[{"@type":"ReadAction","target":["https:\/\/consulting.groupe-sos.org\/en\/references\/"]}]},{"@type":"BreadcrumbList","@id":"https:\/\/consulting.groupe-sos.org\/en\/references\/#breadcrumb","itemListElement":[{"@type":"ListItem","position":1,"name":"Accueil","item":"https:\/\/consulting.groupe-sos.org\/en\/"},{"@type":"ListItem","position":2,"name":"Our references"}]},{"@type":"WebSite","@id":"https:\/\/consulting.groupe-sos.org\/en\/#website","url":"https:\/\/consulting.groupe-sos.org\/en\/","name":"Groupe SOS Consulting","description":"#impacthackers","publisher":{"@id":"https:\/\/consulting.groupe-sos.org\/en\/#organization"},"potentialAction":[{"@type":"SearchAction","target":{"@type":"EntryPoint","urlTemplate":"https:\/\/consulting.groupe-sos.org\/en\/?s={search_term_string}"},"query-input":{"@type":"PropertyValueSpecification","valueRequired":true,"valueName":"search_term_string"}}],"inLanguage":"en-US"},{"@type":"Organization","@id":"https:\/\/consulting.groupe-sos.org\/en\/#organization","name":"GROUPE SOS Consulting","url":"https:\/\/consulting.groupe-sos.org\/en\/","logo":{"@type":"ImageObject","inLanguage":"en-US","@id":"https:\/\/consulting.groupe-sos.org\/en\/#\/schema\/logo\/image\/","url":"https:\/\/consulting.groupe-sos.org\/wp-content\/uploads\/2022\/05\/groupesos-consulting-md.png","contentUrl":"https:\/\/consulting.groupe-sos.org\/wp-content\/uploads\/2022\/05\/groupesos-consulting-md.png","width":208,"height":80,"caption":"GROUPE SOS Consulting"},"image":{"@id":"https:\/\/consulting.groupe-sos.org\/en\/#\/schema\/logo\/image\/"},"sameAs":["https:\/\/x.com\/gsosconsulting"]}]}},"_links":{"self":[{"href":"https:\/\/consulting.groupe-sos.org\/en\/wp-json\/wp\/v2\/pages\/2875","targetHints":{"allow":["GET"]}}],"collection":[{"href":"https:\/\/consulting.groupe-sos.org\/en\/wp-json\/wp\/v2\/pages"}],"about":[{"href":"https:\/\/consulting.groupe-sos.org\/en\/wp-json\/wp\/v2\/types\/page"}],"author":[{"embeddable":true,"href":"https:\/\/consulting.groupe-sos.org\/en\/wp-json\/wp\/v2\/users\/1"}],"replies":[{"embeddable":true,"href":"https:\/\/consulting.groupe-sos.org\/en\/wp-json\/wp\/v2\/comments?post=2875"}],"version-history":[{"count":9,"href":"https:\/\/consulting.groupe-sos.org\/en\/wp-json\/wp\/v2\/pages\/2875\/revisions"}],"predecessor-version":[{"id":7877,"href":"https:\/\/consulting.groupe-sos.org\/en\/wp-json\/wp\/v2\/pages\/2875\/revisions\/7877"}],"wp:attachment":[{"href":"https:\/\/consulting.groupe-sos.org\/en\/wp-json\/wp\/v2\/media?parent=2875"}],"curies":[{"name":"wp","href":"https:\/\/api.w.org\/{rel}","templated":true}]}}