{"id":2859,"date":"2022-05-13T09:52:26","date_gmt":"2022-05-13T07:52:26","guid":{"rendered":"https:\/\/consulting.groupe-sos.org\/acteurs\/ess-ong-et-organisations-sociales\/"},"modified":"2024-04-17T16:10:39","modified_gmt":"2024-04-17T14:10:39","slug":"sse-ngos-and-social-business","status":"publish","type":"page","link":"https:\/\/consulting.groupe-sos.org\/en\/stakeholders\/sse-ngos-and-social-business\/","title":{"rendered":"SSE, NGOs and social business"},"content":{"rendered":"<div id=\"field_627a6c82f0827\" class=\"container-fluid px-0 flexible_section titlepage_offres block_columns\">\n <div id=\"field_627a6c82f0827_inner\" class=\"container flexible_section_inner\">\n\n   <div class=\"row flexible_section_content\">\n\n   <div class=\"col-sm-12 colonne colonne1\">\n    <div class=\"colonne_inner  text-left\">\n<h3 class=\"white\">Stakeholders<\/h3>\n<h1 class=\"white\">SSE, NGOs and social business<\/h1>\n    <\/div>\n   <\/div>\n  <\/div>\n\n <\/div>\n<\/div>\n\n\n<div id=\"field_627e1f9f83849\" class=\"container-fluid px-0 flexible_section block_columns\">\n <div id=\"field_627e1f9f83849_inner\" class=\"container flexible_section_inner\">\n\n   <div class=\"row flexible_section_content\">\n\n   <div class=\"mb-3 mb-sm-0 col-sm-6 colonne colonne1\">\n    <div class=\"colonne_inner  text-left\">\n<p>Due to an increasingly complex environment, associations, NGOs, and foundations are urged to rethink their mode of action.<\/p>\n<p>Organizations today cannot operate efficiently without an elaborate branding strategy or an optimized structure. Efficient governance and organization allow for optimized action in the face of limited resources, which strengthen legitimacy in the eyes of partners and donors.<\/p>\n<p>Drawing from the talents and skills of GROUPE SOS, GROUPE SOS Consulting supports associations, NGOs, and foundations who wish to change by focusing on positioning, professionalization process, and overall development. Our goal is to support these organizations in achieving their most ambitious objectives.<\/p>\n    <\/div>\n   <\/div>\n   <div class=\"col-sm-6 colonne colonne2\">\n    <div class=\"colonne_inner  text-left\">\n<p><img loading=\"lazy\" decoding=\"async\" class=\"alignnone wp-image-2720 size-full\" src=\"https:\/\/consulting.groupe-sos.org\/wp-content\/uploads\/2022\/05\/ong-ess.jpg\" alt=\"\" width=\"600\" height=\"400\" srcset=\"https:\/\/consulting.groupe-sos.org\/wp-content\/uploads\/2022\/05\/ong-ess.jpg 600w, https:\/\/consulting.groupe-sos.org\/wp-content\/uploads\/2022\/05\/ong-ess-300x200.jpg 300w\" sizes=\"auto, (max-width: 600px) 100vw, 600px\" \/><\/p>\n    <\/div>\n   <\/div>\n  <\/div>\n\n <\/div>\n<\/div>\n\n\n<div id=\"field_627e232f7c2ca\" class=\"container-fluid px-0 flexible_section block_categorygrid\">\n <div id=\"field_627e232f7c2ca_inner\" class=\"container flexible_section_inner\">\n\n  <div class=\"row flexible_section_title_container\"><div class=\"col-12 flexible_section_title_col\"><h2 class=\"flexible_section_title mb-5 text-center  \">References<\/h2><\/div><\/div>\n<div class=\"container-fluid px-0\" id=\"grid_627e232f7c2ca_outer\">\n<div class=\"container px-0\">\n  <div class=\"row row-cols-1 row-cols-md-2 row-cols-lg-2 flexible_section_content\" id=\"grid_627e232f7c2ca\">\n   <div class=\"col-sm-12 col-md-6 col-lg-6  item mb-3 elem-1\">\n<div class=\"reference_offres container-fluid\">\r\n <div class=\"row\">\r\n  <div class=\"col-6 reference_offres_logo\"><img decoding=\"async\" src=\"https:\/\/consulting.groupe-sos.org\/wp-content\/uploads\/2022\/05\/andes.png\" alt=\"ANDES\" \/><\/div>\r\n  <div class=\"col-6 reference_offres_description\"><div class=\"d-flex align-items-center h-100\"><div class=\"description_inner\"><p>Impact assessment of the network&#8217;s solidarity grocery.<\/p>\n<\/div><\/div><\/div>\r\n <\/div>\r\n<\/div>   <\/div>\n   <div class=\"col-sm-12 col-md-6 col-lg-6  item mb-3 elem-2\">\n<div class=\"reference_offres container-fluid\">\r\n <div class=\"row\">\r\n  <div class=\"col-6 reference_offres_logo\"><img decoding=\"async\" src=\"https:\/\/consulting.groupe-sos.org\/wp-content\/uploads\/2022\/05\/fondation-abdelkader-bansalah.png\" alt=\"Fondation Bensalah\" \/><\/div>\r\n  <div class=\"col-6 reference_offres_description\"><div class=\"d-flex align-items-center h-100\"><div class=\"description_inner\"><p>R\u00e9daction d&#8217;un rapport sur l&#8217;innovation sociale au Maroc.<\/p>\n<\/div><\/div><\/div>\r\n <\/div>\r\n<\/div>   <\/div>\n   <div class=\"col-sm-12 col-md-6 col-lg-6  item mb-3 elem-3\">\n<div class=\"reference_offres container-fluid\">\r\n <div class=\"row\">\r\n  <div class=\"col-6 reference_offres_logo\"><img decoding=\"async\" src=\"https:\/\/consulting.groupe-sos.org\/wp-content\/uploads\/2022\/08\/Groupe-SOS-Solidarites.png\" alt=\"Groupe SOS Solidarit\u00e9s\" \/><\/div>\r\n  <div class=\"col-6 reference_offres_description\"><div class=\"d-flex align-items-center h-100\"><div class=\"description_inner\"><p>Accompagnement \u00e0 la mise en place d&#8217;un dispositif de mesure d&#8217;impact social.<\/p>\n<\/div><\/div><\/div>\r\n <\/div>\r\n<\/div>   <\/div>\n   <div class=\"col-sm-12 col-md-6 col-lg-6  item mb-3 elem-4\">\n<div class=\"reference_offres container-fluid\">\r\n <div class=\"row\">\r\n  <div class=\"col-6 reference_offres_logo\"><img decoding=\"async\" src=\"https:\/\/consulting.groupe-sos.org\/wp-content\/uploads\/2022\/05\/medecins-du-monde.png\" alt=\"M\u00e9decins du monde\" \/><\/div>\r\n  <div class=\"col-6 reference_offres_description\"><div class=\"d-flex align-items-center h-100\"><div class=\"description_inner\"><p>Impact study on the CASO system<\/p>\n<\/div><\/div><\/div>\r\n <\/div>\r\n<\/div>   <\/div>\n   <div class=\"col-sm-12 col-md-6 col-lg-6  item mb-3 elem-5\">\n<div class=\"reference_offres container-fluid\">\r\n <div class=\"row\">\r\n  <div class=\"col-6 reference_offres_logo\"><img decoding=\"async\" src=\"https:\/\/consulting.groupe-sos.org\/wp-content\/uploads\/2022\/05\/seniors-connect.png\" alt=\"Seniors connect\" \/><\/div>\r\n  <div class=\"col-6 reference_offres_description\"><div class=\"d-flex align-items-center h-100\"><div class=\"description_inner\"><p>Mesure d\u2019impact, analyse et r\u00e9flexion sur le positionnement strat\u00e9gique de l\u2019association.<\/p>\n<\/div><\/div><\/div>\r\n <\/div>\r\n<\/div>   <\/div>\n   <div class=\"col-sm-12 col-md-6 col-lg-6  item mb-3 elem-6\">\n<div class=\"reference_offres container-fluid\">\r\n <div class=\"row\">\r\n  <div class=\"col-6 reference_offres_logo\"><img decoding=\"async\" src=\"https:\/\/consulting.groupe-sos.org\/wp-content\/uploads\/2022\/05\/silver-fourchette-2.png\" alt=\"Silver Fourchette\" \/><\/div>\r\n  <div class=\"col-6 reference_offres_description\"><div class=\"d-flex align-items-center h-100\"><div class=\"description_inner\"><p>Mesure d\u2019impact, analyse et r\u00e9flexion sur le positionnement strat\u00e9gique de l\u2019association.<\/p>\n<\/div><\/div><\/div>\r\n <\/div>\r\n<\/div>   <\/div>\n   <div class=\"col-sm-12 col-md-6 col-lg-6  item mb-3 elem-7\">\n<div class=\"reference_offres container-fluid\">\r\n <div class=\"row\">\r\n  <div class=\"col-6 reference_offres_logo\"><img decoding=\"async\" src=\"https:\/\/consulting.groupe-sos.org\/wp-content\/uploads\/2022\/08\/UAF-Tanger.png\" alt=\"Union de l'Action F\u00e9ministe Tanger\" \/><\/div>\r\n  <div class=\"col-6 reference_offres_description\"><div class=\"d-flex align-items-center h-100\"><div class=\"description_inner\"><p>Accompagnement pour la d\u00e9finition et la mise en \u0153uvre d&#8217;un Cluster de l&#8217;\u00e9conomie sociale et solidaire.<\/p>\n<\/div><\/div><\/div>\r\n <\/div>\r\n<\/div>   <\/div>\n   <div class=\"col-sm-12 col-md-6 col-lg-6  item mb-3 elem-8\">\n<div class=\"reference_offres container-fluid\">\r\n <div class=\"row\">\r\n  <div class=\"col-6 reference_offres_logo\"><img decoding=\"async\" src=\"https:\/\/consulting.groupe-sos.org\/wp-content\/uploads\/2022\/08\/Institut-Prometheus-1.png\" alt=\"Institut Prometheus\" \/><\/div>\r\n  <div class=\"col-6 reference_offres_description\"><div class=\"d-flex align-items-center h-100\"><div class=\"description_inner\"><p>Analyse des engagements \u00e9cologiques des partis politiques marocains.<\/p>\n<\/div><\/div><\/div>\r\n <\/div>\r\n<\/div>   <\/div>\n   <div class=\"col-sm-12 col-md-6 col-lg-6  item mb-3 elem-9\">\n<div class=\"reference_offres container-fluid\">\r\n <div class=\"row\">\r\n  <div class=\"col-6 reference_offres_logo\"><img decoding=\"async\" src=\"https:\/\/consulting.groupe-sos.org\/wp-content\/uploads\/2022\/08\/Groupe-SOS-Solidarites.png\" alt=\"Groupe SOS Solidarit\u00e9s\" \/><\/div>\r\n  <div class=\"col-6 reference_offres_description\"><div class=\"d-flex align-items-center h-100\"><div class=\"description_inner\"><p>Support for the in-itinere evaluation of the ODYSSEE project.<\/p>\n<\/div><\/div><\/div>\r\n <\/div>\r\n<\/div>   <\/div>\n   <div class=\"col-sm-12 col-md-6 col-lg-6  item mb-3 elem-10\">\n<div class=\"reference_offres container-fluid\">\r\n <div class=\"row\">\r\n  <div class=\"col-6 reference_offres_logo\"><img decoding=\"async\" src=\"https:\/\/consulting.groupe-sos.org\/wp-content\/uploads\/2022\/08\/SFB.png\" alt=\"French Benevolent Society\" \/><\/div>\r\n  <div class=\"col-6 reference_offres_description\"><div class=\"d-flex align-items-center h-100\"><div class=\"description_inner\"><p>Accompagnement au repositionnement strat\u00e9gique de l&#8217;Association.<\/p>\n<\/div><\/div><\/div>\r\n <\/div>\r\n<\/div>   <\/div>\n   <div class=\"col-sm-12 col-md-6 col-lg-6  item mb-3 elem-11\">\n<div class=\"reference_offres container-fluid\">\r\n <div class=\"row\">\r\n  <div class=\"col-6 reference_offres_logo\"><img decoding=\"async\" src=\"https:\/\/consulting.groupe-sos.org\/wp-content\/uploads\/2022\/08\/OIT.png\" alt=\"International Labor Organization\" \/><\/div>\r\n  <div class=\"col-6 reference_offres_description\"><div class=\"d-flex align-items-center h-100\"><div class=\"description_inner\"><p>Research initiative on social and solidarity economy and social innovation in Africa.<\/p>\n<\/div><\/div><\/div>\r\n <\/div>\r\n<\/div>   <\/div>\n   <div class=\"col-sm-12 col-md-6 col-lg-6  item mb-3 elem-12\">\n<div class=\"reference_offres container-fluid\">\r\n <div class=\"row\">\r\n  <div class=\"col-6 reference_offres_logo\"><img decoding=\"async\" src=\"https:\/\/consulting.groupe-sos.org\/wp-content\/uploads\/2022\/08\/Prepapp.png\" alt=\"Pr\u00e9papp\" \/><\/div>\r\n  <div class=\"col-6 reference_offres_description\"><div class=\"d-flex align-items-center h-100\"><div class=\"description_inner\"><p>Implementation of an in-itinere approach to social impact assessment.<\/p>\n<\/div><\/div><\/div>\r\n <\/div>\r\n<\/div>   <\/div>\n   <div class=\"col-sm-12 col-md-6 col-lg-6  item mb-3 elem-13\">\n<div class=\"reference_offres container-fluid\">\r\n <div class=\"row\">\r\n  <div class=\"col-6 reference_offres_logo\"><img decoding=\"async\" src=\"https:\/\/consulting.groupe-sos.org\/wp-content\/uploads\/2022\/08\/Cap-inclusion.png\" alt=\"Cap Inclusion\" \/><\/div>\r\n  <div class=\"col-6 reference_offres_description\"><div class=\"d-flex align-items-center h-100\"><div class=\"description_inner\"><p>Evaluation of deployment and impact.<\/p>\n<\/div><\/div><\/div>\r\n <\/div>\r\n<\/div>   <\/div>\n   <div class=\"col-sm-12 col-md-6 col-lg-6  item mb-3 elem-14\">\n<div class=\"reference_offres container-fluid\">\r\n <div class=\"row\">\r\n  <div class=\"col-6 reference_offres_logo\"><img decoding=\"async\" src=\"https:\/\/consulting.groupe-sos.org\/wp-content\/uploads\/2022\/08\/Park-Numerique.png\" alt=\"Park Num\u00e9rique\" \/><\/div>\r\n  <div class=\"col-6 reference_offres_description\"><div class=\"d-flex align-items-center h-100\"><div class=\"description_inner\"><p>Implementation of a social impact management system.<\/p>\n<\/div><\/div><\/div>\r\n <\/div>\r\n<\/div>   <\/div>\n   <div class=\"col-sm-12 col-md-6 col-lg-6  item mb-3 elem-15\">\n<div class=\"reference_offres container-fluid\">\r\n <div class=\"row\">\r\n  <div class=\"col-6 reference_offres_logo\"><img decoding=\"async\" src=\"https:\/\/consulting.groupe-sos.org\/wp-content\/uploads\/2022\/05\/andes.png\" alt=\"ANDES\" \/><\/div>\r\n  <div class=\"col-6 reference_offres_description\"><div class=\"d-flex align-items-center h-100\"><div class=\"description_inner\"><p>Accompagnement \u00e0 la r\u00e9organisation du P\u00f4le &#8220;Animation&#8221;.<\/p>\n<\/div><\/div><\/div>\r\n <\/div>\r\n<\/div>   <\/div>\n   <div class=\"col-sm-12 col-md-6 col-lg-6  item mb-3 elem-16\">\n<div class=\"reference_offres container-fluid\">\r\n <div class=\"row\">\r\n  <div class=\"col-6 reference_offres_logo\"><img decoding=\"async\" src=\"https:\/\/consulting.groupe-sos.org\/wp-content\/uploads\/2022\/08\/Germinal.png\" alt=\"Germinal\" \/><\/div>\r\n  <div class=\"col-6 reference_offres_description\"><div class=\"d-flex align-items-center h-100\"><div class=\"description_inner\"><p>Appui \u00e0 la d\u00e9finition du mod\u00e8le \u00e9conomique du l&#8217;EITI.<\/p>\n<\/div><\/div><\/div>\r\n <\/div>\r\n<\/div>   <\/div>\n   <div class=\"col-sm-12 col-md-6 col-lg-6  item mb-3 elem-17\">\n<div class=\"reference_offres container-fluid\">\r\n <div class=\"row\">\r\n  <div class=\"col-6 reference_offres_logo\"><img decoding=\"async\" src=\"https:\/\/consulting.groupe-sos.org\/wp-content\/uploads\/2022\/08\/Groupe-SOS.png\" alt=\"Groupe SOS\" \/><\/div>\r\n  <div class=\"col-6 reference_offres_description\"><div class=\"d-flex align-items-center h-100\"><div class=\"description_inner\"><p>Elaboration d&#8217;une strat\u00e9gie biodiversit\u00e9 \u00e0 l&#8217;\u00e9chelle du Groupe SOS.<\/p>\n<\/div><\/div><\/div>\r\n <\/div>\r\n<\/div>   <\/div>\n  <\/div>\n<\/div>\n<\/div>\n <\/div>\n<\/div>\n\n\n<div id=\"field_627cdc571db64\" class=\"container-fluid px-0 flexible_section block_categorygrid\">\n <div id=\"field_627cdc571db64_inner\" class=\"container flexible_section_inner\">\n\n  <div class=\"row flexible_section_title_container\"><div class=\"col-12 flexible_section_title_col\"><h2 class=\"flexible_section_title mb-5 text-center  \">Our services<\/h2><\/div><\/div>\n<div class=\"container-fluid px-0\" id=\"grid_627cdc571db64_outer\">\n<div class=\"container px-0\">\n  <div class=\"row row-cols-1 row-cols-md-2 row-cols-lg-2 flexible_section_content\" id=\"grid_627cdc571db64\">\n   <div class=\"col-sm-12 col-md-6 col-lg-6  item mb-3 elem-1\">\n<div class=\"autres_offres linkable mb-5\" data-dest=\"https:\/\/consulting.groupe-sos.org\/en\/development-of-high-impact-products-and-services\/\">\r\n<img decoding=\"async\" src=\"https:\/\/consulting.groupe-sos.org\/wp-content\/uploads\/2022\/08\/kelly-sikkema-v9FQR4tbIq8-unsplash-aspect-ratio-300-200.jpg\" alt=\"Development of high-impact products and services\" \/>\r\n<h3>Development of high-impact products and services<\/h3>\r\n<div class=\"item_more text-right\"><a href=\"https:\/\/consulting.groupe-sos.org\/en\/development-of-high-impact-products-and-services\/\" class=\"button_blue\">Lire la suite<\/a><\/div>\r\n<\/div>   <\/div>\n   <div class=\"col-sm-12 col-md-6 col-lg-6  item mb-3 elem-2\">\n<div class=\"autres_offres linkable mb-5\" data-dest=\"https:\/\/consulting.groupe-sos.org\/en\/strategy-and-csr-reporting\/\">\r\n<img decoding=\"async\" src=\"https:\/\/consulting.groupe-sos.org\/wp-content\/uploads\/2022\/08\/reporting-rse-petit-aspect-ratio-300-200.jpg\" alt=\"Strategy and CSR reporting\" \/>\r\n<h3>Strategy and CSR reporting<\/h3>\r\n<div class=\"item_more text-right\"><a href=\"https:\/\/consulting.groupe-sos.org\/en\/strategy-and-csr-reporting\/\" class=\"button_blue\">Lire la suite<\/a><\/div>\r\n<\/div>   <\/div>\n   <div class=\"col-sm-12 col-md-6 col-lg-6  item mb-3 elem-3\">\n<div class=\"autres_offres linkable mb-5\" data-dest=\"https:\/\/consulting.groupe-sos.org\/en\/high-impact-partnerships-with-sse-stakeholders\/\">\r\n<img decoding=\"async\" src=\"https:\/\/consulting.groupe-sos.org\/wp-content\/uploads\/2022\/08\/collaboration-petit-aspect-ratio-300-200.jpg\" alt=\"High-impact partnerships with SSE stakeholders\" \/>\r\n<h3>High-impact partnerships with SSE stakeholders<\/h3>\r\n<div class=\"item_more text-right\"><a href=\"https:\/\/consulting.groupe-sos.org\/en\/high-impact-partnerships-with-sse-stakeholders\/\" class=\"button_blue\">Lire la suite<\/a><\/div>\r\n<\/div>   <\/div>\n   <div class=\"col-sm-12 col-md-6 col-lg-6  item mb-3 elem-4\">\n<div class=\"autres_offres linkable mb-5\" data-dest=\"https:\/\/consulting.groupe-sos.org\/en\/impact-assessment\/\">\r\n<img decoding=\"async\" src=\"https:\/\/consulting.groupe-sos.org\/wp-content\/uploads\/2023\/10\/52_BDH_20190326_860-aspect-ratio-300-200.jpg\" alt=\"Impact assessment\" \/>\r\n<h3>Impact assessment<\/h3>\r\n<div class=\"item_more text-right\"><a href=\"https:\/\/consulting.groupe-sos.org\/en\/impact-assessment\/\" class=\"button_blue\">Lire la suite<\/a><\/div>\r\n<\/div>   <\/div>\n  <\/div>\n<\/div>\n<\/div>\n <\/div>\n<\/div>\n","protected":false},"excerpt":{"rendered":"<p>Les associations, ONG et fondations ne peuvent plus aujourd\u2019hui se passer d\u2019une strat\u00e9gie d\u2019image \u00e9labor\u00e9e, ni d\u2019une organisation optimis\u00e9e. <\/p>\n","protected":false},"author":1,"featured_media":0,"parent":2851,"menu_order":0,"comment_status":"closed","ping_status":"closed","template":"page-flexipow.php","meta":{"_acf_changed":false,"inline_featured_image":false,"footnotes":""},"class_list":["post-2859","page","type-page","status-publish","hentry"],"acf":[],"yoast_head":"<!-- This site is optimized with the Yoast SEO plugin v27.4 - https:\/\/yoast.com\/product\/yoast-seo-wordpress\/ -->\n<title>SSE, NGOs and social business - Groupe SOS Consulting<\/title>\n<meta name=\"description\" content=\"Les associations, ONG et fondations ne peuvent plus aujourd\u2019hui se passer d\u2019une strat\u00e9gie d\u2019image \u00e9labor\u00e9e, ni d\u2019une organisation optimis\u00e9e.\" \/>\n<meta name=\"robots\" content=\"index, follow, max-snippet:-1, max-image-preview:large, max-video-preview:-1\" \/>\n<link rel=\"canonical\" href=\"https:\/\/consulting.groupe-sos.org\/en\/stakeholders\/sse-ngos-and-social-business\/\" \/>\n<meta property=\"og:locale\" content=\"en_US\" \/>\n<meta property=\"og:type\" content=\"article\" \/>\n<meta property=\"og:title\" content=\"SSE, NGOs and social business - Groupe SOS Consulting\" \/>\n<meta property=\"og:description\" content=\"Les associations, ONG et fondations ne peuvent plus aujourd\u2019hui se passer d\u2019une strat\u00e9gie d\u2019image \u00e9labor\u00e9e, ni d\u2019une organisation optimis\u00e9e.\" \/>\n<meta property=\"og:url\" content=\"https:\/\/consulting.groupe-sos.org\/en\/stakeholders\/sse-ngos-and-social-business\/\" \/>\n<meta property=\"og:site_name\" content=\"Groupe SOS Consulting\" \/>\n<meta property=\"article:modified_time\" content=\"2024-04-17T14:10:39+00:00\" \/>\n<meta name=\"twitter:card\" content=\"summary_large_image\" \/>\n<meta name=\"twitter:site\" content=\"@gsosconsulting\" \/>\n<meta name=\"twitter:label1\" content=\"Est. reading time\" \/>\n\t<meta name=\"twitter:data1\" content=\"6 minutes\" \/>\n<script type=\"application\/ld+json\" class=\"yoast-schema-graph\">{\"@context\":\"https:\\\/\\\/schema.org\",\"@graph\":[{\"@type\":\"WebPage\",\"@id\":\"https:\\\/\\\/consulting.groupe-sos.org\\\/en\\\/stakeholders\\\/sse-ngos-and-social-business\\\/\",\"url\":\"https:\\\/\\\/consulting.groupe-sos.org\\\/en\\\/stakeholders\\\/sse-ngos-and-social-business\\\/\",\"name\":\"SSE, NGOs and social business - Groupe SOS Consulting\",\"isPartOf\":{\"@id\":\"https:\\\/\\\/consulting.groupe-sos.org\\\/en\\\/#website\"},\"datePublished\":\"2022-05-13T07:52:26+00:00\",\"dateModified\":\"2024-04-17T14:10:39+00:00\",\"description\":\"Les associations, ONG et fondations ne peuvent plus aujourd\u2019hui se passer d\u2019une strat\u00e9gie d\u2019image \u00e9labor\u00e9e, ni d\u2019une organisation optimis\u00e9e.\",\"breadcrumb\":{\"@id\":\"https:\\\/\\\/consulting.groupe-sos.org\\\/en\\\/stakeholders\\\/sse-ngos-and-social-business\\\/#breadcrumb\"},\"inLanguage\":\"en-US\",\"potentialAction\":[{\"@type\":\"ReadAction\",\"target\":[\"https:\\\/\\\/consulting.groupe-sos.org\\\/en\\\/stakeholders\\\/sse-ngos-and-social-business\\\/\"]}]},{\"@type\":\"BreadcrumbList\",\"@id\":\"https:\\\/\\\/consulting.groupe-sos.org\\\/en\\\/stakeholders\\\/sse-ngos-and-social-business\\\/#breadcrumb\",\"itemListElement\":[{\"@type\":\"ListItem\",\"position\":1,\"name\":\"Accueil\",\"item\":\"https:\\\/\\\/consulting.groupe-sos.org\\\/en\\\/\"},{\"@type\":\"ListItem\",\"position\":2,\"name\":\"Stakeholders\",\"item\":\"https:\\\/\\\/consulting.groupe-sos.org\\\/en\\\/stakeholders\\\/\"},{\"@type\":\"ListItem\",\"position\":3,\"name\":\"SSE, NGOs and social business\"}]},{\"@type\":\"WebSite\",\"@id\":\"https:\\\/\\\/consulting.groupe-sos.org\\\/en\\\/#website\",\"url\":\"https:\\\/\\\/consulting.groupe-sos.org\\\/en\\\/\",\"name\":\"Groupe SOS Consulting\",\"description\":\"#impacthackers\",\"publisher\":{\"@id\":\"https:\\\/\\\/consulting.groupe-sos.org\\\/en\\\/#organization\"},\"potentialAction\":[{\"@type\":\"SearchAction\",\"target\":{\"@type\":\"EntryPoint\",\"urlTemplate\":\"https:\\\/\\\/consulting.groupe-sos.org\\\/en\\\/?s={search_term_string}\"},\"query-input\":{\"@type\":\"PropertyValueSpecification\",\"valueRequired\":true,\"valueName\":\"search_term_string\"}}],\"inLanguage\":\"en-US\"},{\"@type\":\"Organization\",\"@id\":\"https:\\\/\\\/consulting.groupe-sos.org\\\/en\\\/#organization\",\"name\":\"GROUPE SOS Consulting\",\"url\":\"https:\\\/\\\/consulting.groupe-sos.org\\\/en\\\/\",\"logo\":{\"@type\":\"ImageObject\",\"inLanguage\":\"en-US\",\"@id\":\"https:\\\/\\\/consulting.groupe-sos.org\\\/en\\\/#\\\/schema\\\/logo\\\/image\\\/\",\"url\":\"https:\\\/\\\/consulting.groupe-sos.org\\\/wp-content\\\/uploads\\\/2022\\\/05\\\/groupesos-consulting-md.png\",\"contentUrl\":\"https:\\\/\\\/consulting.groupe-sos.org\\\/wp-content\\\/uploads\\\/2022\\\/05\\\/groupesos-consulting-md.png\",\"width\":208,\"height\":80,\"caption\":\"GROUPE SOS Consulting\"},\"image\":{\"@id\":\"https:\\\/\\\/consulting.groupe-sos.org\\\/en\\\/#\\\/schema\\\/logo\\\/image\\\/\"},\"sameAs\":[\"https:\\\/\\\/x.com\\\/gsosconsulting\"]}]}<\/script>\n<!-- \/ Yoast SEO plugin. -->","yoast_head_json":{"title":"SSE, NGOs and social business - Groupe SOS Consulting","description":"Les associations, ONG et fondations ne peuvent plus aujourd\u2019hui se passer d\u2019une strat\u00e9gie d\u2019image \u00e9labor\u00e9e, ni d\u2019une organisation optimis\u00e9e.","robots":{"index":"index","follow":"follow","max-snippet":"max-snippet:-1","max-image-preview":"max-image-preview:large","max-video-preview":"max-video-preview:-1"},"canonical":"https:\/\/consulting.groupe-sos.org\/en\/stakeholders\/sse-ngos-and-social-business\/","og_locale":"en_US","og_type":"article","og_title":"SSE, NGOs and social business - Groupe SOS Consulting","og_description":"Les associations, ONG et fondations ne peuvent plus aujourd\u2019hui se passer d\u2019une strat\u00e9gie d\u2019image \u00e9labor\u00e9e, ni d\u2019une organisation optimis\u00e9e.","og_url":"https:\/\/consulting.groupe-sos.org\/en\/stakeholders\/sse-ngos-and-social-business\/","og_site_name":"Groupe SOS Consulting","article_modified_time":"2024-04-17T14:10:39+00:00","twitter_card":"summary_large_image","twitter_site":"@gsosconsulting","twitter_misc":{"Est. reading time":"6 minutes"},"schema":{"@context":"https:\/\/schema.org","@graph":[{"@type":"WebPage","@id":"https:\/\/consulting.groupe-sos.org\/en\/stakeholders\/sse-ngos-and-social-business\/","url":"https:\/\/consulting.groupe-sos.org\/en\/stakeholders\/sse-ngos-and-social-business\/","name":"SSE, NGOs and social business - Groupe SOS Consulting","isPartOf":{"@id":"https:\/\/consulting.groupe-sos.org\/en\/#website"},"datePublished":"2022-05-13T07:52:26+00:00","dateModified":"2024-04-17T14:10:39+00:00","description":"Les associations, ONG et fondations ne peuvent plus aujourd\u2019hui se passer d\u2019une strat\u00e9gie d\u2019image \u00e9labor\u00e9e, ni d\u2019une organisation optimis\u00e9e.","breadcrumb":{"@id":"https:\/\/consulting.groupe-sos.org\/en\/stakeholders\/sse-ngos-and-social-business\/#breadcrumb"},"inLanguage":"en-US","potentialAction":[{"@type":"ReadAction","target":["https:\/\/consulting.groupe-sos.org\/en\/stakeholders\/sse-ngos-and-social-business\/"]}]},{"@type":"BreadcrumbList","@id":"https:\/\/consulting.groupe-sos.org\/en\/stakeholders\/sse-ngos-and-social-business\/#breadcrumb","itemListElement":[{"@type":"ListItem","position":1,"name":"Accueil","item":"https:\/\/consulting.groupe-sos.org\/en\/"},{"@type":"ListItem","position":2,"name":"Stakeholders","item":"https:\/\/consulting.groupe-sos.org\/en\/stakeholders\/"},{"@type":"ListItem","position":3,"name":"SSE, NGOs and social business"}]},{"@type":"WebSite","@id":"https:\/\/consulting.groupe-sos.org\/en\/#website","url":"https:\/\/consulting.groupe-sos.org\/en\/","name":"Groupe SOS Consulting","description":"#impacthackers","publisher":{"@id":"https:\/\/consulting.groupe-sos.org\/en\/#organization"},"potentialAction":[{"@type":"SearchAction","target":{"@type":"EntryPoint","urlTemplate":"https:\/\/consulting.groupe-sos.org\/en\/?s={search_term_string}"},"query-input":{"@type":"PropertyValueSpecification","valueRequired":true,"valueName":"search_term_string"}}],"inLanguage":"en-US"},{"@type":"Organization","@id":"https:\/\/consulting.groupe-sos.org\/en\/#organization","name":"GROUPE SOS Consulting","url":"https:\/\/consulting.groupe-sos.org\/en\/","logo":{"@type":"ImageObject","inLanguage":"en-US","@id":"https:\/\/consulting.groupe-sos.org\/en\/#\/schema\/logo\/image\/","url":"https:\/\/consulting.groupe-sos.org\/wp-content\/uploads\/2022\/05\/groupesos-consulting-md.png","contentUrl":"https:\/\/consulting.groupe-sos.org\/wp-content\/uploads\/2022\/05\/groupesos-consulting-md.png","width":208,"height":80,"caption":"GROUPE SOS Consulting"},"image":{"@id":"https:\/\/consulting.groupe-sos.org\/en\/#\/schema\/logo\/image\/"},"sameAs":["https:\/\/x.com\/gsosconsulting"]}]}},"_links":{"self":[{"href":"https:\/\/consulting.groupe-sos.org\/en\/wp-json\/wp\/v2\/pages\/2859","targetHints":{"allow":["GET"]}}],"collection":[{"href":"https:\/\/consulting.groupe-sos.org\/en\/wp-json\/wp\/v2\/pages"}],"about":[{"href":"https:\/\/consulting.groupe-sos.org\/en\/wp-json\/wp\/v2\/types\/page"}],"author":[{"embeddable":true,"href":"https:\/\/consulting.groupe-sos.org\/en\/wp-json\/wp\/v2\/users\/1"}],"replies":[{"embeddable":true,"href":"https:\/\/consulting.groupe-sos.org\/en\/wp-json\/wp\/v2\/comments?post=2859"}],"version-history":[{"count":9,"href":"https:\/\/consulting.groupe-sos.org\/en\/wp-json\/wp\/v2\/pages\/2859\/revisions"}],"predecessor-version":[{"id":7878,"href":"https:\/\/consulting.groupe-sos.org\/en\/wp-json\/wp\/v2\/pages\/2859\/revisions\/7878"}],"up":[{"embeddable":true,"href":"https:\/\/consulting.groupe-sos.org\/en\/wp-json\/wp\/v2\/pages\/2851"}],"wp:attachment":[{"href":"https:\/\/consulting.groupe-sos.org\/en\/wp-json\/wp\/v2\/media?parent=2859"}],"curies":[{"name":"wp","href":"https:\/\/api.w.org\/{rel}","templated":true}]}}