{"id":2857,"date":"2022-05-13T09:52:41","date_gmt":"2022-05-13T07:52:41","guid":{"rendered":"https:\/\/consulting.groupe-sos.org\/acteurs\/entreprises-engagees\/"},"modified":"2024-04-17T16:12:16","modified_gmt":"2024-04-17T14:12:16","slug":"engaged-companies","status":"publish","type":"page","link":"https:\/\/consulting.groupe-sos.org\/en\/stakeholders\/engaged-companies\/","title":{"rendered":"Engaged companies"},"content":{"rendered":"<div id=\"field_627a6c82f0827\" class=\"container-fluid px-0 flexible_section titlepage_offres block_columns\">\n <div id=\"field_627a6c82f0827_inner\" class=\"container flexible_section_inner\">\n\n   <div class=\"row flexible_section_content\">\n\n   <div class=\"col-sm-12 colonne colonne1\">\n    <div class=\"colonne_inner  text-left\">\n<h3 class=\"white\">Stakeholders<\/h3>\n<h1 class=\"white\">Engaged companies<\/h1>\n    <\/div>\n   <\/div>\n  <\/div>\n\n <\/div>\n<\/div>\n\n\n<div id=\"field_627e1f9f83849\" class=\"container-fluid px-0 flexible_section block_columns\">\n <div id=\"field_627e1f9f83849_inner\" class=\"container flexible_section_inner\">\n\n   <div class=\"row flexible_section_content\">\n\n   <div class=\"col-sm-6 colonne colonne1\">\n    <div class=\"colonne_inner  text-left\">\n<p>Thanks to their employees, clients, suppliers, and partners, companies are in daily contact with citizens, which make them key societal stakeholders.<\/p>\n<p>In the face of the deep structural changes our societies are going through \u2013 climate change, the digital revolution, changes in lifestyles and individual expectations \u2013 the most resilient and efficient companies will be the ones able to read the signs of change, however weak. The same companies will be willing to share their value creation within their own organization, and with society overall.<\/p>\n<p>GROUPE SOS Consulting supports these companies in reading the signs of a changing world while making the most of it.<\/p>\n    <\/div>\n   <\/div>\n   <div class=\"col-sm-6 colonne colonne2\">\n    <div class=\"colonne_inner  text-left\">\n<p><img loading=\"lazy\" decoding=\"async\" class=\"alignnone wp-image-2729 size-full\" src=\"https:\/\/consulting.groupe-sos.org\/wp-content\/uploads\/2022\/05\/entreprises-engagees-2.jpg\" alt=\"\" width=\"600\" height=\"400\" srcset=\"https:\/\/consulting.groupe-sos.org\/wp-content\/uploads\/2022\/05\/entreprises-engagees-2.jpg 600w, https:\/\/consulting.groupe-sos.org\/wp-content\/uploads\/2022\/05\/entreprises-engagees-2-300x200.jpg 300w\" sizes=\"auto, (max-width: 600px) 100vw, 600px\" \/><\/p>\n    <\/div>\n   <\/div>\n  <\/div>\n\n <\/div>\n<\/div>\n\n\n<div id=\"field_627e232f7c2ca\" class=\"container-fluid px-0 flexible_section block_categorygrid\">\n <div id=\"field_627e232f7c2ca_inner\" class=\"container flexible_section_inner\">\n\n  <div class=\"row flexible_section_title_container\"><div class=\"col-12 flexible_section_title_col\"><h2 class=\"flexible_section_title mb-5 text-center  \">References<\/h2><\/div><\/div>\n<div class=\"container-fluid px-0\" id=\"grid_627e232f7c2ca_outer\">\n<div class=\"container px-0\">\n  <div class=\"row row-cols-1 row-cols-md-2 row-cols-lg-2 flexible_section_content\" id=\"grid_627e232f7c2ca\">\n   <div class=\"col-sm-12 col-md-6 col-lg-6  item mb-3 elem-1\">\n<div class=\"reference_offres container-fluid\">\r\n <div class=\"row\">\r\n  <div class=\"col-6 reference_offres_logo\"><img decoding=\"async\" src=\"https:\/\/consulting.groupe-sos.org\/wp-content\/uploads\/2022\/05\/ametis.png\" alt=\"Ametis\" \/><\/div>\r\n  <div class=\"col-6 reference_offres_description\"><div class=\"d-flex align-items-center h-100\"><div class=\"description_inner\"><p>Inclusive programing study for the media village (PARIS 2024)<\/p>\n<\/div><\/div><\/div>\r\n <\/div>\r\n<\/div>   <\/div>\n   <div class=\"col-sm-12 col-md-6 col-lg-6  item mb-3 elem-2\">\n<div class=\"reference_offres container-fluid\">\r\n <div class=\"row\">\r\n  <div class=\"col-6 reference_offres_logo\"><img decoding=\"async\" src=\"https:\/\/consulting.groupe-sos.org\/wp-content\/uploads\/2022\/05\/bouygues-immobilier.png\" alt=\"Bouygues immobilier\" \/><\/div>\r\n  <div class=\"col-6 reference_offres_description\"><div class=\"d-flex align-items-center h-100\"><div class=\"description_inner\"><p>Appui \u00e0 la conception du du P\u00f4le Autonomie <span>de la Tour Horizon (Evry-<\/span><span>Courcouronnes)<\/span>\u200b<\/p>\n<\/div><\/div><\/div>\r\n <\/div>\r\n<\/div>   <\/div>\n   <div class=\"col-sm-12 col-md-6 col-lg-6  item mb-3 elem-3\">\n<div class=\"reference_offres container-fluid\">\r\n <div class=\"row\">\r\n  <div class=\"col-6 reference_offres_logo\"><img decoding=\"async\" src=\"https:\/\/consulting.groupe-sos.org\/wp-content\/uploads\/2022\/05\/Fondation_de_Luxembourg_Logo.png\" alt=\"Fondation de Luxembourg\" \/><\/div>\r\n  <div class=\"col-6 reference_offres_description\"><div class=\"d-flex align-items-center h-100\"><div class=\"description_inner\"><p>D\u00e9finition de la strat\u00e9gie de la Fondation et de la roadmap op\u00e9rationnelle associ\u00e9e.<\/p>\n<\/div><\/div><\/div>\r\n <\/div>\r\n<\/div>   <\/div>\n   <div class=\"col-sm-12 col-md-6 col-lg-6  item mb-3 elem-4\">\n<div class=\"reference_offres container-fluid\">\r\n <div class=\"row\">\r\n  <div class=\"col-6 reference_offres_logo\"><img decoding=\"async\" src=\"https:\/\/consulting.groupe-sos.org\/wp-content\/uploads\/2022\/05\/loxam.png\" alt=\"Loxam\" \/><\/div>\r\n  <div class=\"col-6 reference_offres_description\"><div class=\"d-flex align-items-center h-100\"><div class=\"description_inner\"><p>Accompagnement \u00e0 la valorisation des actions de Loxam en mati\u00e8re de RSE, r\u00e9ponse aux analyses ESG et r\u00e9daction du rapport RSE.<\/p>\n<\/div><\/div><\/div>\r\n <\/div>\r\n<\/div>   <\/div>\n   <div class=\"col-sm-12 col-md-6 col-lg-6  item mb-3 elem-5\">\n<div class=\"reference_offres container-fluid\">\r\n <div class=\"row\">\r\n  <div class=\"col-6 reference_offres_logo\"><img decoding=\"async\" src=\"https:\/\/consulting.groupe-sos.org\/wp-content\/uploads\/2022\/05\/malakoff-humanis.png\" alt=\"Malakoff\" \/><\/div>\r\n  <div class=\"col-6 reference_offres_description\"><div class=\"d-flex align-items-center h-100\"><div class=\"description_inner\"><p>Accompagnement d&#8217;une branche professionnelle dans la mise en place d&#8217;une politique de prise en charge des addictions.<\/p>\n<\/div><\/div><\/div>\r\n <\/div>\r\n<\/div>   <\/div>\n   <div class=\"col-sm-12 col-md-6 col-lg-6  item mb-3 elem-6\">\n<div class=\"reference_offres container-fluid\">\r\n <div class=\"row\">\r\n  <div class=\"col-6 reference_offres_logo\"><img decoding=\"async\" src=\"https:\/\/consulting.groupe-sos.org\/wp-content\/uploads\/2022\/05\/mutest.png\" alt=\"Mutest\" \/><\/div>\r\n  <div class=\"col-6 reference_offres_description\"><div class=\"d-flex align-items-center h-100\"><div class=\"description_inner\"><p>Change management et engagement des \u00e9quipes.<\/p>\n<\/div><\/div><\/div>\r\n <\/div>\r\n<\/div>   <\/div>\n   <div class=\"col-sm-12 col-md-6 col-lg-6  item mb-3 elem-7\">\n<div class=\"reference_offres container-fluid\">\r\n <div class=\"row\">\r\n  <div class=\"col-6 reference_offres_logo\"><img decoding=\"async\" src=\"https:\/\/consulting.groupe-sos.org\/wp-content\/uploads\/2022\/05\/sncf-1.png\" alt=\"SNCF Gares\" \/><\/div>\r\n  <div class=\"col-6 reference_offres_description\"><div class=\"d-flex align-items-center h-100\"><div class=\"description_inner\"><p>Business models and strategies for sourcing project holders before turning parisian train stations into inclusive third places.<\/p>\n<\/div><\/div><\/div>\r\n <\/div>\r\n<\/div>   <\/div>\n   <div class=\"col-sm-12 col-md-6 col-lg-6  item mb-3 elem-8\">\n<div class=\"reference_offres container-fluid\">\r\n <div class=\"row\">\r\n  <div class=\"col-6 reference_offres_logo\"><img decoding=\"async\" src=\"https:\/\/consulting.groupe-sos.org\/wp-content\/uploads\/2022\/05\/sogeprom-1.png\" alt=\"Sogeprom\" \/><\/div>\r\n  <div class=\"col-6 reference_offres_description\"><div class=\"d-flex align-items-center h-100\"><div class=\"description_inner\"><p>Programing and stakeholders mobilization to create an inclusive third place<\/p>\n<\/div><\/div><\/div>\r\n <\/div>\r\n<\/div>   <\/div>\n   <div class=\"col-sm-12 col-md-6 col-lg-6  item mb-3 elem-9\">\n<div class=\"reference_offres container-fluid\">\r\n <div class=\"row\">\r\n  <div class=\"col-6 reference_offres_logo\"><img decoding=\"async\" src=\"https:\/\/consulting.groupe-sos.org\/wp-content\/uploads\/2022\/08\/CA-Nord-Midi-Pyrenees.png\" alt=\"Cr\u00e9dit Agricole Nord Midi-Pyr\u00e9n\u00e9es\" \/><\/div>\r\n  <div class=\"col-6 reference_offres_description\"><div class=\"d-flex align-items-center h-100\"><div class=\"description_inner\"><p>Inventory of patronage, sponsorship and endowment fund actions &#038; diagnosis of the needs of the territory.<\/p>\n<\/div><\/div><\/div>\r\n <\/div>\r\n<\/div>   <\/div>\n   <div class=\"col-sm-12 col-md-6 col-lg-6  item mb-3 elem-10\">\n<div class=\"reference_offres container-fluid\">\r\n <div class=\"row\">\r\n  <div class=\"col-6 reference_offres_logo\"><img decoding=\"async\" src=\"https:\/\/consulting.groupe-sos.org\/wp-content\/uploads\/2022\/08\/Omnes-Education.png\" alt=\"Omnes Education\" \/><\/div>\r\n  <div class=\"col-6 reference_offres_description\"><div class=\"d-flex align-items-center h-100\"><div class=\"description_inner\"><p>Appui \u00e0 la d\u00e9finition et la mise en \u0153uvre du Programme d&#8217;Action Citoyenne de Terrain (PACT).<\/p>\n<\/div><\/div><\/div>\r\n <\/div>\r\n<\/div>   <\/div>\n   <div class=\"col-sm-12 col-md-6 col-lg-6  item mb-3 elem-11\">\n<div class=\"reference_offres container-fluid\">\r\n <div class=\"row\">\r\n  <div class=\"col-6 reference_offres_logo\"><img decoding=\"async\" src=\"https:\/\/consulting.groupe-sos.org\/wp-content\/uploads\/2022\/08\/ESSEC.png\" alt=\"Labo E&#038;MIS ESSEC Business School\" \/><\/div>\r\n  <div class=\"col-6 reference_offres_description\"><div class=\"d-flex align-items-center h-100\"><div class=\"description_inner\"><p>Appui \u00e0 la production du Panorama annuel de l&#8217;\u00e9valuation d&#8217;impact social.<\/p>\n<\/div><\/div><\/div>\r\n <\/div>\r\n<\/div>   <\/div>\n   <div class=\"col-sm-12 col-md-6 col-lg-6  item mb-3 elem-12\">\n<div class=\"reference_offres container-fluid\">\r\n <div class=\"row\">\r\n  <div class=\"col-6 reference_offres_logo\"><img decoding=\"async\" src=\"https:\/\/consulting.groupe-sos.org\/wp-content\/uploads\/2022\/08\/Bash.png\" alt=\"ba&#038;sh\" \/><\/div>\r\n  <div class=\"col-6 reference_offres_description\"><div class=\"d-flex align-items-center h-100\"><div class=\"description_inner\"><p>D\u00e9finition et mise en place d&#8217;une feuille de route Diversit\u00e9 &amp; Inclusion.<\/p>\n<\/div><\/div><\/div>\r\n <\/div>\r\n<\/div>   <\/div>\n  <\/div>\n<\/div>\n<\/div>\n <\/div>\n<\/div>\n\n\n<div id=\"field_627cdc571db64\" class=\"container-fluid px-0 flexible_section block_categorygrid\">\n <div id=\"field_627cdc571db64_inner\" class=\"container flexible_section_inner\">\n\n  <div class=\"row flexible_section_title_container\"><div class=\"col-12 flexible_section_title_col\"><h2 class=\"flexible_section_title mb-5 text-center  \">Our services<\/h2><\/div><\/div>\n<div class=\"container-fluid px-0\" id=\"grid_627cdc571db64_outer\">\n<div class=\"container px-0\">\n  <div class=\"row row-cols-1 row-cols-md-2 row-cols-lg-2 flexible_section_content\" id=\"grid_627cdc571db64\">\n   <div class=\"col-sm-12 col-md-6 col-lg-6  item mb-3 elem-1\">\n<div class=\"autres_offres linkable mb-5\" data-dest=\"https:\/\/consulting.groupe-sos.org\/en\/development-of-high-impact-products-and-services\/\">\r\n<img decoding=\"async\" src=\"https:\/\/consulting.groupe-sos.org\/wp-content\/uploads\/2022\/08\/kelly-sikkema-v9FQR4tbIq8-unsplash-aspect-ratio-300-200.jpg\" alt=\"Development of high-impact products and services\" \/>\r\n<h3>Development of high-impact products and services<\/h3>\r\n<div class=\"item_more text-right\"><a href=\"https:\/\/consulting.groupe-sos.org\/en\/development-of-high-impact-products-and-services\/\" class=\"button_blue\">Lire la suite<\/a><\/div>\r\n<\/div>   <\/div>\n   <div class=\"col-sm-12 col-md-6 col-lg-6  item mb-3 elem-2\">\n<div class=\"autres_offres linkable mb-5\" data-dest=\"https:\/\/consulting.groupe-sos.org\/en\/responsible-transformation-and-employee-engagement\/\">\r\n<img decoding=\"async\" src=\"https:\/\/consulting.groupe-sos.org\/wp-content\/uploads\/2023\/10\/DSC_4794.jpg-ferme-avenir-aspect-ratio-300-200.jpg\" alt=\"Responsible transformation and employee engagement\" \/>\r\n<h3>Responsible transformation and employee engagement<\/h3>\r\n<div class=\"item_more text-right\"><a href=\"https:\/\/consulting.groupe-sos.org\/en\/responsible-transformation-and-employee-engagement\/\" class=\"button_blue\">Lire la suite<\/a><\/div>\r\n<\/div>   <\/div>\n   <div class=\"col-sm-12 col-md-6 col-lg-6  item mb-3 elem-3\">\n<div class=\"autres_offres linkable mb-5\" data-dest=\"https:\/\/consulting.groupe-sos.org\/en\/high-impact-location-programming\/\">\r\n<img decoding=\"async\" src=\"https:\/\/consulting.groupe-sos.org\/wp-content\/uploads\/2022\/08\/lieux-a-impact-petit-1-aspect-ratio-300-200.jpg\" alt=\"High-impact location programming\" \/>\r\n<h3>High-impact location programming<\/h3>\r\n<div class=\"item_more text-right\"><a href=\"https:\/\/consulting.groupe-sos.org\/en\/high-impact-location-programming\/\" class=\"button_blue\">Lire la suite<\/a><\/div>\r\n<\/div>   <\/div>\n   <div class=\"col-sm-12 col-md-6 col-lg-6  item mb-3 elem-4\">\n<div class=\"autres_offres linkable mb-5\" data-dest=\"https:\/\/consulting.groupe-sos.org\/en\/strategy-and-csr-reporting\/\">\r\n<img decoding=\"async\" src=\"https:\/\/consulting.groupe-sos.org\/wp-content\/uploads\/2022\/08\/reporting-rse-petit-aspect-ratio-300-200.jpg\" alt=\"Strategy and CSR reporting\" \/>\r\n<h3>Strategy and CSR reporting<\/h3>\r\n<div class=\"item_more text-right\"><a href=\"https:\/\/consulting.groupe-sos.org\/en\/strategy-and-csr-reporting\/\" class=\"button_blue\">Lire la suite<\/a><\/div>\r\n<\/div>   <\/div>\n   <div class=\"col-sm-12 col-md-6 col-lg-6  item mb-3 elem-5\">\n<div class=\"autres_offres linkable mb-5\" data-dest=\"https:\/\/consulting.groupe-sos.org\/en\/high-impact-partnerships-with-sse-stakeholders\/\">\r\n<img decoding=\"async\" src=\"https:\/\/consulting.groupe-sos.org\/wp-content\/uploads\/2022\/08\/collaboration-petit-aspect-ratio-300-200.jpg\" alt=\"High-impact partnerships with SSE stakeholders\" \/>\r\n<h3>High-impact partnerships with SSE stakeholders<\/h3>\r\n<div class=\"item_more text-right\"><a href=\"https:\/\/consulting.groupe-sos.org\/en\/high-impact-partnerships-with-sse-stakeholders\/\" class=\"button_blue\">Lire la suite<\/a><\/div>\r\n<\/div>   <\/div>\n  <\/div>\n<\/div>\n<\/div>\n <\/div>\n<\/div>\n","protected":false},"excerpt":{"rendered":"<p>Au travers de ses collaborateurs, de ses clients, de ses fournisseurs et partenaires, l\u2019entreprise est au contact quotidien des citoyens et constitue de ce fait un acteur soci\u00e9tal de premi\u00e8re importance.<\/p>\n","protected":false},"author":1,"featured_media":0,"parent":2851,"menu_order":0,"comment_status":"closed","ping_status":"closed","template":"page-flexipow.php","meta":{"_acf_changed":false,"inline_featured_image":false,"footnotes":""},"class_list":["post-2857","page","type-page","status-publish","hentry"],"acf":[],"yoast_head":"<!-- This site is optimized with the Yoast SEO plugin v26.8 - https:\/\/yoast.com\/product\/yoast-seo-wordpress\/ -->\n<title>Engaged companies - Groupe SOS Consulting<\/title>\n<meta name=\"description\" content=\"Au travers de ses collaborateurs, de ses clients, de ses fournisseurs et partenaires, l\u2019entreprise est au contact quotidien des citoyens et constitue de ce fait un acteur soci\u00e9tal de premi\u00e8re importance.\" \/>\n<meta name=\"robots\" content=\"index, follow, max-snippet:-1, max-image-preview:large, max-video-preview:-1\" \/>\n<link rel=\"canonical\" href=\"https:\/\/consulting.groupe-sos.org\/en\/stakeholders\/engaged-companies\/\" \/>\n<meta property=\"og:locale\" content=\"en_US\" \/>\n<meta property=\"og:type\" content=\"article\" \/>\n<meta property=\"og:title\" content=\"Engaged companies - Groupe SOS Consulting\" \/>\n<meta property=\"og:description\" content=\"Au travers de ses collaborateurs, de ses clients, de ses fournisseurs et partenaires, l\u2019entreprise est au contact quotidien des citoyens et constitue de ce fait un acteur soci\u00e9tal de premi\u00e8re importance.\" \/>\n<meta property=\"og:url\" content=\"https:\/\/consulting.groupe-sos.org\/en\/stakeholders\/engaged-companies\/\" \/>\n<meta property=\"og:site_name\" content=\"Groupe SOS Consulting\" \/>\n<meta property=\"article:modified_time\" content=\"2024-04-17T14:12:16+00:00\" \/>\n<meta name=\"twitter:card\" content=\"summary_large_image\" \/>\n<meta name=\"twitter:site\" content=\"@gsosconsulting\" \/>\n<meta name=\"twitter:label1\" content=\"Est. reading time\" \/>\n\t<meta name=\"twitter:data1\" content=\"6 minutes\" \/>\n<script type=\"application\/ld+json\" class=\"yoast-schema-graph\">{\"@context\":\"https:\/\/schema.org\",\"@graph\":[{\"@type\":\"WebPage\",\"@id\":\"https:\/\/consulting.groupe-sos.org\/en\/stakeholders\/engaged-companies\/\",\"url\":\"https:\/\/consulting.groupe-sos.org\/en\/stakeholders\/engaged-companies\/\",\"name\":\"Engaged companies - Groupe SOS Consulting\",\"isPartOf\":{\"@id\":\"https:\/\/consulting.groupe-sos.org\/en\/#website\"},\"datePublished\":\"2022-05-13T07:52:41+00:00\",\"dateModified\":\"2024-04-17T14:12:16+00:00\",\"description\":\"Au travers de ses collaborateurs, de ses clients, de ses fournisseurs et partenaires, l\u2019entreprise est au contact quotidien des citoyens et constitue de ce fait un acteur soci\u00e9tal de premi\u00e8re importance.\",\"breadcrumb\":{\"@id\":\"https:\/\/consulting.groupe-sos.org\/en\/stakeholders\/engaged-companies\/#breadcrumb\"},\"inLanguage\":\"en-US\",\"potentialAction\":[{\"@type\":\"ReadAction\",\"target\":[\"https:\/\/consulting.groupe-sos.org\/en\/stakeholders\/engaged-companies\/\"]}]},{\"@type\":\"BreadcrumbList\",\"@id\":\"https:\/\/consulting.groupe-sos.org\/en\/stakeholders\/engaged-companies\/#breadcrumb\",\"itemListElement\":[{\"@type\":\"ListItem\",\"position\":1,\"name\":\"Accueil\",\"item\":\"https:\/\/consulting.groupe-sos.org\/en\/\"},{\"@type\":\"ListItem\",\"position\":2,\"name\":\"Stakeholders\",\"item\":\"https:\/\/consulting.groupe-sos.org\/en\/stakeholders\/\"},{\"@type\":\"ListItem\",\"position\":3,\"name\":\"Engaged companies\"}]},{\"@type\":\"WebSite\",\"@id\":\"https:\/\/consulting.groupe-sos.org\/en\/#website\",\"url\":\"https:\/\/consulting.groupe-sos.org\/en\/\",\"name\":\"Groupe SOS Consulting\",\"description\":\"#impacthackers\",\"publisher\":{\"@id\":\"https:\/\/consulting.groupe-sos.org\/en\/#organization\"},\"potentialAction\":[{\"@type\":\"SearchAction\",\"target\":{\"@type\":\"EntryPoint\",\"urlTemplate\":\"https:\/\/consulting.groupe-sos.org\/en\/?s={search_term_string}\"},\"query-input\":{\"@type\":\"PropertyValueSpecification\",\"valueRequired\":true,\"valueName\":\"search_term_string\"}}],\"inLanguage\":\"en-US\"},{\"@type\":\"Organization\",\"@id\":\"https:\/\/consulting.groupe-sos.org\/en\/#organization\",\"name\":\"GROUPE SOS Consulting\",\"url\":\"https:\/\/consulting.groupe-sos.org\/en\/\",\"logo\":{\"@type\":\"ImageObject\",\"inLanguage\":\"en-US\",\"@id\":\"https:\/\/consulting.groupe-sos.org\/en\/#\/schema\/logo\/image\/\",\"url\":\"https:\/\/consulting.groupe-sos.org\/wp-content\/uploads\/2022\/05\/groupesos-consulting-md.png\",\"contentUrl\":\"https:\/\/consulting.groupe-sos.org\/wp-content\/uploads\/2022\/05\/groupesos-consulting-md.png\",\"width\":208,\"height\":80,\"caption\":\"GROUPE SOS Consulting\"},\"image\":{\"@id\":\"https:\/\/consulting.groupe-sos.org\/en\/#\/schema\/logo\/image\/\"},\"sameAs\":[\"https:\/\/x.com\/gsosconsulting\"]}]}<\/script>\n<!-- \/ Yoast SEO plugin. -->","yoast_head_json":{"title":"Engaged companies - Groupe SOS Consulting","description":"Au travers de ses collaborateurs, de ses clients, de ses fournisseurs et partenaires, l\u2019entreprise est au contact quotidien des citoyens et constitue de ce fait un acteur soci\u00e9tal de premi\u00e8re importance.","robots":{"index":"index","follow":"follow","max-snippet":"max-snippet:-1","max-image-preview":"max-image-preview:large","max-video-preview":"max-video-preview:-1"},"canonical":"https:\/\/consulting.groupe-sos.org\/en\/stakeholders\/engaged-companies\/","og_locale":"en_US","og_type":"article","og_title":"Engaged companies - Groupe SOS Consulting","og_description":"Au travers de ses collaborateurs, de ses clients, de ses fournisseurs et partenaires, l\u2019entreprise est au contact quotidien des citoyens et constitue de ce fait un acteur soci\u00e9tal de premi\u00e8re importance.","og_url":"https:\/\/consulting.groupe-sos.org\/en\/stakeholders\/engaged-companies\/","og_site_name":"Groupe SOS Consulting","article_modified_time":"2024-04-17T14:12:16+00:00","twitter_card":"summary_large_image","twitter_site":"@gsosconsulting","twitter_misc":{"Est. reading time":"6 minutes"},"schema":{"@context":"https:\/\/schema.org","@graph":[{"@type":"WebPage","@id":"https:\/\/consulting.groupe-sos.org\/en\/stakeholders\/engaged-companies\/","url":"https:\/\/consulting.groupe-sos.org\/en\/stakeholders\/engaged-companies\/","name":"Engaged companies - Groupe SOS Consulting","isPartOf":{"@id":"https:\/\/consulting.groupe-sos.org\/en\/#website"},"datePublished":"2022-05-13T07:52:41+00:00","dateModified":"2024-04-17T14:12:16+00:00","description":"Au travers de ses collaborateurs, de ses clients, de ses fournisseurs et partenaires, l\u2019entreprise est au contact quotidien des citoyens et constitue de ce fait un acteur soci\u00e9tal de premi\u00e8re importance.","breadcrumb":{"@id":"https:\/\/consulting.groupe-sos.org\/en\/stakeholders\/engaged-companies\/#breadcrumb"},"inLanguage":"en-US","potentialAction":[{"@type":"ReadAction","target":["https:\/\/consulting.groupe-sos.org\/en\/stakeholders\/engaged-companies\/"]}]},{"@type":"BreadcrumbList","@id":"https:\/\/consulting.groupe-sos.org\/en\/stakeholders\/engaged-companies\/#breadcrumb","itemListElement":[{"@type":"ListItem","position":1,"name":"Accueil","item":"https:\/\/consulting.groupe-sos.org\/en\/"},{"@type":"ListItem","position":2,"name":"Stakeholders","item":"https:\/\/consulting.groupe-sos.org\/en\/stakeholders\/"},{"@type":"ListItem","position":3,"name":"Engaged companies"}]},{"@type":"WebSite","@id":"https:\/\/consulting.groupe-sos.org\/en\/#website","url":"https:\/\/consulting.groupe-sos.org\/en\/","name":"Groupe SOS Consulting","description":"#impacthackers","publisher":{"@id":"https:\/\/consulting.groupe-sos.org\/en\/#organization"},"potentialAction":[{"@type":"SearchAction","target":{"@type":"EntryPoint","urlTemplate":"https:\/\/consulting.groupe-sos.org\/en\/?s={search_term_string}"},"query-input":{"@type":"PropertyValueSpecification","valueRequired":true,"valueName":"search_term_string"}}],"inLanguage":"en-US"},{"@type":"Organization","@id":"https:\/\/consulting.groupe-sos.org\/en\/#organization","name":"GROUPE SOS Consulting","url":"https:\/\/consulting.groupe-sos.org\/en\/","logo":{"@type":"ImageObject","inLanguage":"en-US","@id":"https:\/\/consulting.groupe-sos.org\/en\/#\/schema\/logo\/image\/","url":"https:\/\/consulting.groupe-sos.org\/wp-content\/uploads\/2022\/05\/groupesos-consulting-md.png","contentUrl":"https:\/\/consulting.groupe-sos.org\/wp-content\/uploads\/2022\/05\/groupesos-consulting-md.png","width":208,"height":80,"caption":"GROUPE SOS Consulting"},"image":{"@id":"https:\/\/consulting.groupe-sos.org\/en\/#\/schema\/logo\/image\/"},"sameAs":["https:\/\/x.com\/gsosconsulting"]}]}},"_links":{"self":[{"href":"https:\/\/consulting.groupe-sos.org\/en\/wp-json\/wp\/v2\/pages\/2857","targetHints":{"allow":["GET"]}}],"collection":[{"href":"https:\/\/consulting.groupe-sos.org\/en\/wp-json\/wp\/v2\/pages"}],"about":[{"href":"https:\/\/consulting.groupe-sos.org\/en\/wp-json\/wp\/v2\/types\/page"}],"author":[{"embeddable":true,"href":"https:\/\/consulting.groupe-sos.org\/en\/wp-json\/wp\/v2\/users\/1"}],"replies":[{"embeddable":true,"href":"https:\/\/consulting.groupe-sos.org\/en\/wp-json\/wp\/v2\/comments?post=2857"}],"version-history":[{"count":7,"href":"https:\/\/consulting.groupe-sos.org\/en\/wp-json\/wp\/v2\/pages\/2857\/revisions"}],"predecessor-version":[{"id":7880,"href":"https:\/\/consulting.groupe-sos.org\/en\/wp-json\/wp\/v2\/pages\/2857\/revisions\/7880"}],"up":[{"embeddable":true,"href":"https:\/\/consulting.groupe-sos.org\/en\/wp-json\/wp\/v2\/pages\/2851"}],"wp:attachment":[{"href":"https:\/\/consulting.groupe-sos.org\/en\/wp-json\/wp\/v2\/media?parent=2857"}],"curies":[{"name":"wp","href":"https:\/\/api.w.org\/{rel}","templated":true}]}}