{"id":2855,"date":"2022-05-13T09:51:37","date_gmt":"2022-05-13T07:51:37","guid":{"rendered":"https:\/\/consulting.groupe-sos.org\/acteurs\/acteurs-publics-et-institutionnels\/"},"modified":"2024-04-17T16:11:17","modified_gmt":"2024-04-17T14:11:17","slug":"public-institutions","status":"publish","type":"page","link":"https:\/\/consulting.groupe-sos.org\/en\/stakeholders\/public-institutions\/","title":{"rendered":"Public Institutions"},"content":{"rendered":"<div id=\"field_627a6c82f0827\" class=\"container-fluid px-0 flexible_section titlepage_offres block_columns\">\n <div id=\"field_627a6c82f0827_inner\" class=\"container flexible_section_inner\">\n\n   <div class=\"row flexible_section_content\">\n\n   <div class=\"col-sm-12 colonne colonne1\">\n    <div class=\"colonne_inner  text-left\">\n<h3 class=\"white\">Stakeholders<\/h3>\n<h1 class=\"white\">Public Institutions<\/h1>\n    <\/div>\n   <\/div>\n  <\/div>\n\n <\/div>\n<\/div>\n\n\n<div id=\"field_627e1f9f83849\" class=\"container-fluid px-0 flexible_section block_columns\">\n <div id=\"field_627e1f9f83849_inner\" class=\"container flexible_section_inner\">\n\n   <div class=\"row flexible_section_content\">\n\n   <div class=\"col-sm-6 colonne colonne1\">\n    <div class=\"colonne_inner  text-left\">\n<p>As a longstanding partner of national and local institutions, GROUPE SOS efficiently supports them in providing care to the most vulnerable groups of society.<\/p>\n<p>Benefiting from a cross-cutting expertise, GROUPE SOS implements socially impactful systems, appraises public policies, along with auditing public organizations. GROUPE SOS Consulting leverages this expertise to support public actors in driving and evaluating their action with a global approach. We advise public organizations on the implementation of efficient social systems in favor of social inclusion, access to housing and employment, and fight against precarity and addiction.<\/p>\n    <\/div>\n   <\/div>\n   <div class=\"col-sm-6 colonne colonne2\">\n    <div class=\"colonne_inner  text-left\">\n<p><img loading=\"lazy\" decoding=\"async\" class=\"alignnone wp-image-2713 size-full\" src=\"https:\/\/consulting.groupe-sos.org\/wp-content\/uploads\/2022\/05\/acteurs-institutionnels.jpg\" alt=\"\" width=\"600\" height=\"400\" srcset=\"https:\/\/consulting.groupe-sos.org\/wp-content\/uploads\/2022\/05\/acteurs-institutionnels.jpg 600w, https:\/\/consulting.groupe-sos.org\/wp-content\/uploads\/2022\/05\/acteurs-institutionnels-300x200.jpg 300w\" sizes=\"auto, (max-width: 600px) 100vw, 600px\" \/><\/p>\n    <\/div>\n   <\/div>\n  <\/div>\n\n <\/div>\n<\/div>\n\n\n<div id=\"field_627e232f7c2ca\" class=\"container-fluid px-0 flexible_section block_categorygrid\">\n <div id=\"field_627e232f7c2ca_inner\" class=\"container flexible_section_inner\">\n\n  <div class=\"row flexible_section_title_container\"><div class=\"col-12 flexible_section_title_col\"><h2 class=\"flexible_section_title mb-5 text-center  \">References<\/h2><\/div><\/div>\n<div class=\"container-fluid px-0\" id=\"grid_627e232f7c2ca_outer\">\n<div class=\"container px-0\">\n  <div class=\"row row-cols-1 row-cols-md-2 row-cols-lg-2 flexible_section_content\" id=\"grid_627e232f7c2ca\">\n   <div class=\"col-sm-12 col-md-6 col-lg-6  item mb-3 elem-1\">\n<div class=\"reference_offres container-fluid\">\r\n <div class=\"row\">\r\n  <div class=\"col-6 reference_offres_logo\"><img decoding=\"async\" src=\"https:\/\/consulting.groupe-sos.org\/wp-content\/uploads\/2022\/05\/ile-de-france.png\" alt=\"R\u00e9gion Ile-deFrance\" \/><\/div>\r\n  <div class=\"col-6 reference_offres_description\"><div class=\"d-flex align-items-center h-100\"><div class=\"description_inner\"><p>Accompagnement strat\u00e9gique sur la cr\u00e9ation de synergies entre les entreprises classiques et les acteurs de l&#8217;ESS.<\/p>\n<\/div><\/div><\/div>\r\n <\/div>\r\n<\/div>   <\/div>\n   <div class=\"col-sm-12 col-md-6 col-lg-6  item mb-3 elem-2\">\n<div class=\"reference_offres container-fluid\">\r\n <div class=\"row\">\r\n  <div class=\"col-6 reference_offres_logo\"><img decoding=\"async\" src=\"https:\/\/consulting.groupe-sos.org\/wp-content\/uploads\/2022\/05\/service-militaire-volonaire.png\" alt=\"Armer pour l'emploi\" \/><\/div>\r\n  <div class=\"col-6 reference_offres_description\"><div class=\"d-flex align-items-center h-100\"><div class=\"description_inner\"><p>Social impact assessment of voluntary military service<\/p>\n<\/div><\/div><\/div>\r\n <\/div>\r\n<\/div>   <\/div>\n   <div class=\"col-sm-12 col-md-6 col-lg-6  item mb-3 elem-3\">\n<div class=\"reference_offres container-fluid\">\r\n <div class=\"row\">\r\n  <div class=\"col-6 reference_offres_logo\"><img decoding=\"async\" src=\"https:\/\/consulting.groupe-sos.org\/wp-content\/uploads\/2022\/05\/pact-for-impact.png\" alt=\"Pact for impact\" \/><\/div>\r\n  <div class=\"col-6 reference_offres_description\"><div class=\"d-flex align-items-center h-100\"><div class=\"description_inner\"><p>Animation du Secr\u00e9tariat G\u00e9n\u00e9ral de l&#8217;organisation Pact for Impact.<\/p>\n<\/div><\/div><\/div>\r\n <\/div>\r\n<\/div>   <\/div>\n   <div class=\"col-sm-12 col-md-6 col-lg-6  item mb-3 elem-4\">\n<div class=\"reference_offres container-fluid\">\r\n <div class=\"row\">\r\n  <div class=\"col-6 reference_offres_logo\"><img decoding=\"async\" src=\"https:\/\/consulting.groupe-sos.org\/wp-content\/uploads\/2022\/05\/buenos-aires-ciudad.png\" alt=\"Buenos Aires Ciutad\" \/><\/div>\r\n  <div class=\"col-6 reference_offres_description\"><div class=\"d-flex align-items-center h-100\"><div class=\"description_inner\"><p>Programmation immobili\u00e8re pour la cr\u00e9ation d&#8217;un centre de formation dans le principal bidonville de Buenos Aires \u00e0 des m\u00e9tiers techniques de premier niveau.<\/p>\n<\/div><\/div><\/div>\r\n <\/div>\r\n<\/div>   <\/div>\n   <div class=\"col-sm-12 col-md-6 col-lg-6  item mb-3 elem-5\">\n<div class=\"reference_offres container-fluid\">\r\n <div class=\"row\">\r\n  <div class=\"col-6 reference_offres_logo\"><img decoding=\"async\" src=\"https:\/\/consulting.groupe-sos.org\/wp-content\/uploads\/2022\/05\/cnav.png\" alt=\"CNAV\" \/><\/div>\r\n  <div class=\"col-6 reference_offres_description\"><div class=\"d-flex align-items-center h-100\"><div class=\"description_inner\"><p>Accompagnement de porteurs de projets innovants dans le champ des seniors.<\/p>\n<\/div><\/div><\/div>\r\n <\/div>\r\n<\/div>   <\/div>\n   <div class=\"col-sm-12 col-md-6 col-lg-6  item mb-3 elem-6\">\n<div class=\"reference_offres container-fluid\">\r\n <div class=\"row\">\r\n  <div class=\"col-6 reference_offres_logo\"><img decoding=\"async\" src=\"https:\/\/consulting.groupe-sos.org\/wp-content\/uploads\/2022\/08\/Aneti.png\" alt=\"Agence Nationale pour l'Emploi et le Travail ind\u00e9pendant\" \/><\/div>\r\n  <div class=\"col-6 reference_offres_description\"><div class=\"d-flex align-items-center h-100\"><div class=\"description_inner\"><p>Etude de faisabilit\u00e9 et plan de mise en place de l&#8217;Instance Tunisienne de l&#8217;ESS.<\/p>\n<\/div><\/div><\/div>\r\n <\/div>\r\n<\/div>   <\/div>\n   <div class=\"col-sm-12 col-md-6 col-lg-6  item mb-3 elem-7\">\n<div class=\"reference_offres container-fluid\">\r\n <div class=\"row\">\r\n  <div class=\"col-6 reference_offres_logo\"><img decoding=\"async\" src=\"https:\/\/consulting.groupe-sos.org\/wp-content\/uploads\/2022\/08\/ARS-Guadeloupe-1.png\" alt=\"Agence R\u00e9gionale de Sant\u00e9 Guadeloupe\" \/><\/div>\r\n  <div class=\"col-6 reference_offres_description\"><div class=\"d-flex align-items-center h-100\"><div class=\"description_inner\"><p>Diagnostic en mati\u00e8re d&#8217;addictions sur le territoire de la Guadeloupe et dans les Iles du Nord.<\/p>\n<\/div><\/div><\/div>\r\n <\/div>\r\n<\/div>   <\/div>\n   <div class=\"col-sm-12 col-md-6 col-lg-6  item mb-3 elem-8\">\n<div class=\"reference_offres container-fluid\">\r\n <div class=\"row\">\r\n  <div class=\"col-6 reference_offres_logo\"><img decoding=\"async\" src=\"https:\/\/consulting.groupe-sos.org\/wp-content\/uploads\/2022\/08\/Secretariat-dEtat-ESS-1.png\" alt=\"State Secretariat for the Social, Solidarity and Responsible Economy\" \/><\/div>\r\n  <div class=\"col-6 reference_offres_description\"><div class=\"d-flex align-items-center h-100\"><div class=\"description_inner\"><p>Appui \u00e0 la r\u00e9daction du Rapport &#8220;Les entreprises et l&#8217;impact soci\u00e9tal&#8221; remis en septembre 2022 \u00e0 la ministre Marl\u00e8ne Schiappa.<\/p>\n<\/div><\/div><\/div>\r\n <\/div>\r\n<\/div>   <\/div>\n   <div class=\"col-sm-12 col-md-6 col-lg-6  item mb-3 elem-9\">\n<div class=\"reference_offres container-fluid\">\r\n <div class=\"row\">\r\n  <div class=\"col-6 reference_offres_logo\"><img decoding=\"async\" src=\"\" alt=\"Commission for the fight against poverty in Auvergne Rh\u00f4ne-Alpes\" \/><\/div>\r\n  <div class=\"col-6 reference_offres_description\"><div class=\"d-flex align-items-center h-100\"><div class=\"description_inner\"><p>Mise en place d\u2019un dispositif de reporting des impacts des associations soutenues.<\/p>\n<\/div><\/div><\/div>\r\n <\/div>\r\n<\/div>   <\/div>\n  <\/div>\n<\/div>\n<\/div>\n <\/div>\n<\/div>\n\n\n<div id=\"field_627cdc571db64\" class=\"container-fluid px-0 flexible_section block_categorygrid\">\n <div id=\"field_627cdc571db64_inner\" class=\"container flexible_section_inner\">\n\n  <div class=\"row flexible_section_title_container\"><div class=\"col-12 flexible_section_title_col\"><h2 class=\"flexible_section_title mb-5 text-center  \">Our services<\/h2><\/div><\/div>\n<div class=\"container-fluid px-0\" id=\"grid_627cdc571db64_outer\">\n<div class=\"container px-0\">\n  <div class=\"row row-cols-1 row-cols-md-2 row-cols-lg-2 flexible_section_content\" id=\"grid_627cdc571db64\">\n   <div class=\"col-sm-12 col-md-6 col-lg-6  item mb-3 elem-1\">\n<div class=\"autres_offres linkable mb-5\" data-dest=\"https:\/\/consulting.groupe-sos.org\/en\/responsible-transformation-and-employee-engagement\/\">\r\n<img decoding=\"async\" src=\"https:\/\/consulting.groupe-sos.org\/wp-content\/uploads\/2023\/10\/DSC_4794.jpg-ferme-avenir-aspect-ratio-300-200.jpg\" alt=\"Responsible transformation and employee engagement\" \/>\r\n<h3>Responsible transformation and employee engagement<\/h3>\r\n<div class=\"item_more text-right\"><a href=\"https:\/\/consulting.groupe-sos.org\/en\/responsible-transformation-and-employee-engagement\/\" class=\"button_blue\">Lire la suite<\/a><\/div>\r\n<\/div>   <\/div>\n   <div class=\"col-sm-12 col-md-6 col-lg-6  item mb-3 elem-2\">\n<div class=\"autres_offres linkable mb-5\" data-dest=\"https:\/\/consulting.groupe-sos.org\/en\/high-impact-location-programming\/\">\r\n<img decoding=\"async\" src=\"https:\/\/consulting.groupe-sos.org\/wp-content\/uploads\/2022\/08\/lieux-a-impact-petit-1-aspect-ratio-300-200.jpg\" alt=\"High-impact location programming\" \/>\r\n<h3>High-impact location programming<\/h3>\r\n<div class=\"item_more text-right\"><a href=\"https:\/\/consulting.groupe-sos.org\/en\/high-impact-location-programming\/\" class=\"button_blue\">Lire la suite<\/a><\/div>\r\n<\/div>   <\/div>\n   <div class=\"col-sm-12 col-md-6 col-lg-6  item mb-3 elem-3\">\n<div class=\"autres_offres linkable mb-5\" data-dest=\"https:\/\/consulting.groupe-sos.org\/en\/high-impact-partnerships-with-sse-stakeholders\/\">\r\n<img decoding=\"async\" src=\"https:\/\/consulting.groupe-sos.org\/wp-content\/uploads\/2022\/08\/collaboration-petit-aspect-ratio-300-200.jpg\" alt=\"High-impact partnerships with SSE stakeholders\" \/>\r\n<h3>High-impact partnerships with SSE stakeholders<\/h3>\r\n<div class=\"item_more text-right\"><a href=\"https:\/\/consulting.groupe-sos.org\/en\/high-impact-partnerships-with-sse-stakeholders\/\" class=\"button_blue\">Lire la suite<\/a><\/div>\r\n<\/div>   <\/div>\n   <div class=\"col-sm-12 col-md-6 col-lg-6  item mb-3 elem-4\">\n<div class=\"autres_offres linkable mb-5\" data-dest=\"https:\/\/consulting.groupe-sos.org\/en\/impact-assessment\/\">\r\n<img decoding=\"async\" src=\"https:\/\/consulting.groupe-sos.org\/wp-content\/uploads\/2023\/10\/52_BDH_20190326_860-aspect-ratio-300-200.jpg\" alt=\"Impact assessment\" \/>\r\n<h3>Impact assessment<\/h3>\r\n<div class=\"item_more text-right\"><a href=\"https:\/\/consulting.groupe-sos.org\/en\/impact-assessment\/\" class=\"button_blue\">Lire la suite<\/a><\/div>\r\n<\/div>   <\/div>\n  <\/div>\n<\/div>\n<\/div>\n <\/div>\n<\/div>\n","protected":false},"excerpt":{"rendered":"<p>Le GROUPE SOS est un partenaire de longue date de l\u2019Etat et des collectivit\u00e9s locales qu\u2019il accompagne efficacement dans la prise en charge des personnes les plus vuln\u00e9rables.<\/p>\n","protected":false},"author":1,"featured_media":0,"parent":2851,"menu_order":0,"comment_status":"closed","ping_status":"closed","template":"page-flexipow.php","meta":{"_acf_changed":false,"inline_featured_image":false,"footnotes":""},"class_list":["post-2855","page","type-page","status-publish","hentry"],"acf":[],"yoast_head":"<!-- This site is optimized with the Yoast SEO plugin v26.8 - https:\/\/yoast.com\/product\/yoast-seo-wordpress\/ -->\n<title>Public Institutions - Groupe SOS Consulting<\/title>\n<meta name=\"description\" content=\"Le GROUPE SOS est un partenaire de longue date de l\u2019Etat et des collectivit\u00e9s locales qu\u2019il accompagne efficacement dans la prise en charge des personnes les plus vuln\u00e9rables.\" \/>\n<meta name=\"robots\" content=\"index, follow, max-snippet:-1, max-image-preview:large, max-video-preview:-1\" \/>\n<link rel=\"canonical\" href=\"https:\/\/consulting.groupe-sos.org\/en\/stakeholders\/public-institutions\/\" \/>\n<meta property=\"og:locale\" content=\"en_US\" \/>\n<meta property=\"og:type\" content=\"article\" \/>\n<meta property=\"og:title\" content=\"Public Institutions - Groupe SOS Consulting\" \/>\n<meta property=\"og:description\" content=\"Le GROUPE SOS est un partenaire de longue date de l\u2019Etat et des collectivit\u00e9s locales qu\u2019il accompagne efficacement dans la prise en charge des personnes les plus vuln\u00e9rables.\" \/>\n<meta property=\"og:url\" content=\"https:\/\/consulting.groupe-sos.org\/en\/stakeholders\/public-institutions\/\" \/>\n<meta property=\"og:site_name\" content=\"Groupe SOS Consulting\" \/>\n<meta property=\"article:modified_time\" content=\"2024-04-17T14:11:17+00:00\" \/>\n<meta name=\"twitter:card\" content=\"summary_large_image\" \/>\n<meta name=\"twitter:site\" content=\"@gsosconsulting\" \/>\n<meta name=\"twitter:label1\" content=\"Est. reading time\" \/>\n\t<meta name=\"twitter:data1\" content=\"5 minutes\" \/>\n<script type=\"application\/ld+json\" class=\"yoast-schema-graph\">{\"@context\":\"https:\/\/schema.org\",\"@graph\":[{\"@type\":\"WebPage\",\"@id\":\"https:\/\/consulting.groupe-sos.org\/en\/stakeholders\/public-institutions\/\",\"url\":\"https:\/\/consulting.groupe-sos.org\/en\/stakeholders\/public-institutions\/\",\"name\":\"Public Institutions - Groupe SOS Consulting\",\"isPartOf\":{\"@id\":\"https:\/\/consulting.groupe-sos.org\/en\/#website\"},\"datePublished\":\"2022-05-13T07:51:37+00:00\",\"dateModified\":\"2024-04-17T14:11:17+00:00\",\"description\":\"Le GROUPE SOS est un partenaire de longue date de l\u2019Etat et des collectivit\u00e9s locales qu\u2019il accompagne efficacement dans la prise en charge des personnes les plus vuln\u00e9rables.\",\"breadcrumb\":{\"@id\":\"https:\/\/consulting.groupe-sos.org\/en\/stakeholders\/public-institutions\/#breadcrumb\"},\"inLanguage\":\"en-US\",\"potentialAction\":[{\"@type\":\"ReadAction\",\"target\":[\"https:\/\/consulting.groupe-sos.org\/en\/stakeholders\/public-institutions\/\"]}]},{\"@type\":\"BreadcrumbList\",\"@id\":\"https:\/\/consulting.groupe-sos.org\/en\/stakeholders\/public-institutions\/#breadcrumb\",\"itemListElement\":[{\"@type\":\"ListItem\",\"position\":1,\"name\":\"Accueil\",\"item\":\"https:\/\/consulting.groupe-sos.org\/en\/\"},{\"@type\":\"ListItem\",\"position\":2,\"name\":\"Stakeholders\",\"item\":\"https:\/\/consulting.groupe-sos.org\/en\/stakeholders\/\"},{\"@type\":\"ListItem\",\"position\":3,\"name\":\"Public Institutions\"}]},{\"@type\":\"WebSite\",\"@id\":\"https:\/\/consulting.groupe-sos.org\/en\/#website\",\"url\":\"https:\/\/consulting.groupe-sos.org\/en\/\",\"name\":\"Groupe SOS Consulting\",\"description\":\"#impacthackers\",\"publisher\":{\"@id\":\"https:\/\/consulting.groupe-sos.org\/en\/#organization\"},\"potentialAction\":[{\"@type\":\"SearchAction\",\"target\":{\"@type\":\"EntryPoint\",\"urlTemplate\":\"https:\/\/consulting.groupe-sos.org\/en\/?s={search_term_string}\"},\"query-input\":{\"@type\":\"PropertyValueSpecification\",\"valueRequired\":true,\"valueName\":\"search_term_string\"}}],\"inLanguage\":\"en-US\"},{\"@type\":\"Organization\",\"@id\":\"https:\/\/consulting.groupe-sos.org\/en\/#organization\",\"name\":\"GROUPE SOS Consulting\",\"url\":\"https:\/\/consulting.groupe-sos.org\/en\/\",\"logo\":{\"@type\":\"ImageObject\",\"inLanguage\":\"en-US\",\"@id\":\"https:\/\/consulting.groupe-sos.org\/en\/#\/schema\/logo\/image\/\",\"url\":\"https:\/\/consulting.groupe-sos.org\/wp-content\/uploads\/2022\/05\/groupesos-consulting-md.png\",\"contentUrl\":\"https:\/\/consulting.groupe-sos.org\/wp-content\/uploads\/2022\/05\/groupesos-consulting-md.png\",\"width\":208,\"height\":80,\"caption\":\"GROUPE SOS Consulting\"},\"image\":{\"@id\":\"https:\/\/consulting.groupe-sos.org\/en\/#\/schema\/logo\/image\/\"},\"sameAs\":[\"https:\/\/x.com\/gsosconsulting\"]}]}<\/script>\n<!-- \/ Yoast SEO plugin. -->","yoast_head_json":{"title":"Public Institutions - Groupe SOS Consulting","description":"Le GROUPE SOS est un partenaire de longue date de l\u2019Etat et des collectivit\u00e9s locales qu\u2019il accompagne efficacement dans la prise en charge des personnes les plus vuln\u00e9rables.","robots":{"index":"index","follow":"follow","max-snippet":"max-snippet:-1","max-image-preview":"max-image-preview:large","max-video-preview":"max-video-preview:-1"},"canonical":"https:\/\/consulting.groupe-sos.org\/en\/stakeholders\/public-institutions\/","og_locale":"en_US","og_type":"article","og_title":"Public Institutions - Groupe SOS Consulting","og_description":"Le GROUPE SOS est un partenaire de longue date de l\u2019Etat et des collectivit\u00e9s locales qu\u2019il accompagne efficacement dans la prise en charge des personnes les plus vuln\u00e9rables.","og_url":"https:\/\/consulting.groupe-sos.org\/en\/stakeholders\/public-institutions\/","og_site_name":"Groupe SOS Consulting","article_modified_time":"2024-04-17T14:11:17+00:00","twitter_card":"summary_large_image","twitter_site":"@gsosconsulting","twitter_misc":{"Est. reading time":"5 minutes"},"schema":{"@context":"https:\/\/schema.org","@graph":[{"@type":"WebPage","@id":"https:\/\/consulting.groupe-sos.org\/en\/stakeholders\/public-institutions\/","url":"https:\/\/consulting.groupe-sos.org\/en\/stakeholders\/public-institutions\/","name":"Public Institutions - Groupe SOS Consulting","isPartOf":{"@id":"https:\/\/consulting.groupe-sos.org\/en\/#website"},"datePublished":"2022-05-13T07:51:37+00:00","dateModified":"2024-04-17T14:11:17+00:00","description":"Le GROUPE SOS est un partenaire de longue date de l\u2019Etat et des collectivit\u00e9s locales qu\u2019il accompagne efficacement dans la prise en charge des personnes les plus vuln\u00e9rables.","breadcrumb":{"@id":"https:\/\/consulting.groupe-sos.org\/en\/stakeholders\/public-institutions\/#breadcrumb"},"inLanguage":"en-US","potentialAction":[{"@type":"ReadAction","target":["https:\/\/consulting.groupe-sos.org\/en\/stakeholders\/public-institutions\/"]}]},{"@type":"BreadcrumbList","@id":"https:\/\/consulting.groupe-sos.org\/en\/stakeholders\/public-institutions\/#breadcrumb","itemListElement":[{"@type":"ListItem","position":1,"name":"Accueil","item":"https:\/\/consulting.groupe-sos.org\/en\/"},{"@type":"ListItem","position":2,"name":"Stakeholders","item":"https:\/\/consulting.groupe-sos.org\/en\/stakeholders\/"},{"@type":"ListItem","position":3,"name":"Public Institutions"}]},{"@type":"WebSite","@id":"https:\/\/consulting.groupe-sos.org\/en\/#website","url":"https:\/\/consulting.groupe-sos.org\/en\/","name":"Groupe SOS Consulting","description":"#impacthackers","publisher":{"@id":"https:\/\/consulting.groupe-sos.org\/en\/#organization"},"potentialAction":[{"@type":"SearchAction","target":{"@type":"EntryPoint","urlTemplate":"https:\/\/consulting.groupe-sos.org\/en\/?s={search_term_string}"},"query-input":{"@type":"PropertyValueSpecification","valueRequired":true,"valueName":"search_term_string"}}],"inLanguage":"en-US"},{"@type":"Organization","@id":"https:\/\/consulting.groupe-sos.org\/en\/#organization","name":"GROUPE SOS Consulting","url":"https:\/\/consulting.groupe-sos.org\/en\/","logo":{"@type":"ImageObject","inLanguage":"en-US","@id":"https:\/\/consulting.groupe-sos.org\/en\/#\/schema\/logo\/image\/","url":"https:\/\/consulting.groupe-sos.org\/wp-content\/uploads\/2022\/05\/groupesos-consulting-md.png","contentUrl":"https:\/\/consulting.groupe-sos.org\/wp-content\/uploads\/2022\/05\/groupesos-consulting-md.png","width":208,"height":80,"caption":"GROUPE SOS Consulting"},"image":{"@id":"https:\/\/consulting.groupe-sos.org\/en\/#\/schema\/logo\/image\/"},"sameAs":["https:\/\/x.com\/gsosconsulting"]}]}},"_links":{"self":[{"href":"https:\/\/consulting.groupe-sos.org\/en\/wp-json\/wp\/v2\/pages\/2855","targetHints":{"allow":["GET"]}}],"collection":[{"href":"https:\/\/consulting.groupe-sos.org\/en\/wp-json\/wp\/v2\/pages"}],"about":[{"href":"https:\/\/consulting.groupe-sos.org\/en\/wp-json\/wp\/v2\/types\/page"}],"author":[{"embeddable":true,"href":"https:\/\/consulting.groupe-sos.org\/en\/wp-json\/wp\/v2\/users\/1"}],"replies":[{"embeddable":true,"href":"https:\/\/consulting.groupe-sos.org\/en\/wp-json\/wp\/v2\/comments?post=2855"}],"version-history":[{"count":8,"href":"https:\/\/consulting.groupe-sos.org\/en\/wp-json\/wp\/v2\/pages\/2855\/revisions"}],"predecessor-version":[{"id":7879,"href":"https:\/\/consulting.groupe-sos.org\/en\/wp-json\/wp\/v2\/pages\/2855\/revisions\/7879"}],"up":[{"embeddable":true,"href":"https:\/\/consulting.groupe-sos.org\/en\/wp-json\/wp\/v2\/pages\/2851"}],"wp:attachment":[{"href":"https:\/\/consulting.groupe-sos.org\/en\/wp-json\/wp\/v2\/media?parent=2855"}],"curies":[{"name":"wp","href":"https:\/\/api.w.org\/{rel}","templated":true}]}}