{"id":2847,"date":"2022-05-09T15:52:17","date_gmt":"2022-05-09T13:52:17","guid":{"rendered":"https:\/\/consulting.groupe-sos.org\/groupe-sos-consulting\/"},"modified":"2024-04-17T15:34:28","modified_gmt":"2024-04-17T13:34:28","slug":"groupe-sos-consulting","status":"publish","type":"page","link":"https:\/\/consulting.groupe-sos.org\/en\/","title":{"rendered":"Groupe SOS Consulting"},"content":{"rendered":"<div id=\"field_627a1961d7662\" class=\"container-fluid px-0 flexible_section block_components\">\n <div id=\"field_627a1961d7662_inner\" class=\"container flexible_section_inner\">\n\n   <div class=\"row flexible_section_content\">\n\n   <div class=\" col-sm-12 component component_1  \">\n    <div class=\"colonne_inner \">\n<div class=\"animatedheadline \" id=\"animatedheadline_627a1961d7662_1\">\n <section class=\"cd-intro\">\n  <h2 class=\"cd-headline letters scale\">\n   <span><\/span>\n   <span class=\"cd-words-wrapper\">\n   <b class=\"word_0 is-visible\">#IMPACTHACKERS<\/b>\n  <\/span>\n <\/h2>\n <\/section>\n<\/div>\n\n    <\/div>\n   <\/div>\n  <\/div>\n\n <\/div>\n<\/div>\n\n\n<div id=\"field_627a1a71db381\" class=\"container-fluid px-0 flexible_section block_columns\">\n <div id=\"field_627a1a71db381_inner\" class=\"container flexible_section_inner\">\n\n   <div class=\"row flexible_section_content\">\n\n   <div class=\"col-sm-6 colonne colonne1\">\n    <div class=\"colonne_inner  text-left\">\n<h2>GROUPE SOS Consulting<br \/>\nis the advisory office of GROUPE SOS,<br \/>\nspecialized in social and environmental impact<\/h2>\n    <\/div>\n   <\/div>\n   <div class=\"col-sm-6 colonne colonne2\">\n    <div class=\"colonne_inner  text-left\">\n<p>Established in 2018, GROUPE SOS Consulting is the cross-cutting advisory office of GROUPE SOS. Drawing from the expertise and knowledge GROUPE SOS has developed over the past 35 years, GROUPE SOS Consulting is the first French advisory firm to combine field experts with consultants on the socio-ecological transition. We support organizations that envision changes in consumption patterns by including social and environmental challenges into their strategy.<\/p>\n<p><a class=\"button_blue\" href=\"https:\/\/consulting.groupe-sos.org\/en\/our-approach\/\">Read more on us<\/a><\/p>\n    <\/div>\n   <\/div>\n  <\/div>\n\n <\/div>\n<\/div>\n\n\n<div id=\"field_627a1b197bb3a\" class=\"container-fluid px-0 flexible_section block_columns\">\n <div id=\"field_627a1b197bb3a_inner\" class=\"container flexible_section_inner\">\n\n   <div class=\"row flexible_section_content\">\n\n   <div class=\"col-sm-4 colonne colonne1\">\n    <div class=\"colonne_inner  text-left\">\n<p><img loading=\"lazy\" decoding=\"async\" class=\"alignnone wp-image-2144 size-full\" src=\"https:\/\/consulting.groupe-sos.org\/wp-content\/uploads\/2022\/05\/one.jpg\" alt=\"\" width=\"400\" height=\"286\" srcset=\"https:\/\/consulting.groupe-sos.org\/wp-content\/uploads\/2022\/05\/one.jpg 400w, https:\/\/consulting.groupe-sos.org\/wp-content\/uploads\/2022\/05\/one-300x215.jpg 300w\" sizes=\"auto, (max-width: 400px) 100vw, 400px\" \/><\/p>\n    <\/div>\n   <\/div>\n   <div class=\"col-sm-4 colonne colonne2\">\n    <div class=\"colonne_inner  text-left\">\n<p><img loading=\"lazy\" decoding=\"async\" class=\"alignnone wp-image-2146 size-full\" src=\"https:\/\/consulting.groupe-sos.org\/wp-content\/uploads\/2022\/05\/two.jpg\" alt=\"\" width=\"400\" height=\"286\" srcset=\"https:\/\/consulting.groupe-sos.org\/wp-content\/uploads\/2022\/05\/two.jpg 400w, https:\/\/consulting.groupe-sos.org\/wp-content\/uploads\/2022\/05\/two-300x215.jpg 300w\" sizes=\"auto, (max-width: 400px) 100vw, 400px\" \/><\/p>\n    <\/div>\n   <\/div>\n   <div class=\"col-sm-4 colonne colonne3\">\n    <div class=\"colonne_inner  text-left\">\n<p><img loading=\"lazy\" decoding=\"async\" class=\"alignnone wp-image-2148 size-full\" src=\"https:\/\/consulting.groupe-sos.org\/wp-content\/uploads\/2022\/05\/three.jpg\" alt=\"\" width=\"400\" height=\"286\" srcset=\"https:\/\/consulting.groupe-sos.org\/wp-content\/uploads\/2022\/05\/three.jpg 400w, https:\/\/consulting.groupe-sos.org\/wp-content\/uploads\/2022\/05\/three-300x215.jpg 300w\" sizes=\"auto, (max-width: 400px) 100vw, 400px\" \/><\/p>\n    <\/div>\n   <\/div>\n  <\/div>\n\n <\/div>\n<\/div>\n\n\n<div id=\"field_627a644fa7b65\" class=\"container-fluid px-0 flexible_section block_columns\">\n <div id=\"field_627a644fa7b65_inner\" class=\"container flexible_section_inner\">\n\n  <div class=\"row flexible_section_header\"><div class=\"col\"><h2 style=\"text-align: center\"><span class=\"orange\" style=\"text-align: center\">We support stakeholders who wish to<br \/>\ncontribute to a more united and<br \/>\nsustainable world<\/span><\/h2>\n<p>&nbsp;<\/p>\n<\/div><\/div>\n   <div class=\"row flexible_section_content\">\n\n   <div class=\"col-sm-4 colonne colonne1\">\n    <div class=\"colonne_inner  text-left\">\n<p><img loading=\"lazy\" decoding=\"async\" class=\"alignnone wp-image-2180 size-full aligncenter\" src=\"https:\/\/consulting.groupe-sos.org\/wp-content\/uploads\/2022\/05\/medico-social.jpg\" alt=\"\" width=\"400\" height=\"290\" srcset=\"https:\/\/consulting.groupe-sos.org\/wp-content\/uploads\/2022\/05\/medico-social.jpg 400w, https:\/\/consulting.groupe-sos.org\/wp-content\/uploads\/2022\/05\/medico-social-300x218.jpg 300w\" sizes=\"auto, (max-width: 400px) 100vw, 400px\" \/><\/p>\n<h4 style=\"text-align: center\">Public<br \/>\nInstitutions<\/h4>\n<p style=\"text-align: center\">GROUPE SOS has been a long-standing partner of both national and local public institutions, providing efficient support to the most vulnerable populations.\n<\/p>\n<p style=\"text-align: center\"><a class=\"button_orange\" href=\"https:\/\/consulting.groupe-sos.org\/en\/acteurs\/acteurs-publics-et-institutionnels\/\">Find out more<\/a><\/p>\n    <\/div>\n   <\/div>\n   <div class=\"col-sm-4 colonne colonne2\">\n    <div class=\"colonne_inner  text-left\">\n<p><img loading=\"lazy\" decoding=\"async\" class=\"alignnone wp-image-2182 size-full aligncenter\" src=\"https:\/\/consulting.groupe-sos.org\/wp-content\/uploads\/2022\/05\/ong_square.jpg\" alt=\"\" width=\"400\" height=\"290\" srcset=\"https:\/\/consulting.groupe-sos.org\/wp-content\/uploads\/2022\/05\/ong_square.jpg 400w, https:\/\/consulting.groupe-sos.org\/wp-content\/uploads\/2022\/05\/ong_square-300x218.jpg 300w\" sizes=\"auto, (max-width: 400px) 100vw, 400px\" \/><\/p>\n<h4 style=\"text-align: center\">SSE, NGOs, and Social Organizations<\/h4>\n<p style=\"text-align: center\">Facing an increasingly complex economic, fiscal, legal and administrative environment, NGOs, associations, and foundations are urged to revisit their strategies.\n<\/p>\n<p style=\"text-align: center\"><a class=\"button_orange\" href=\"https:\/\/consulting.groupe-sos.org\/en\/acteurs\/ess-ong-et-organisations-sociales\/\">Find out more<\/a><\/p>\n    <\/div>\n   <\/div>\n   <div class=\"col-sm-4 colonne colonne3\">\n    <div class=\"colonne_inner  text-left\">\n<p><img loading=\"lazy\" decoding=\"async\" class=\"alignnone wp-image-2178 size-full aligncenter\" src=\"https:\/\/consulting.groupe-sos.org\/wp-content\/uploads\/2022\/05\/entreprises-engagees.jpg\" alt=\"\" width=\"400\" height=\"290\" srcset=\"https:\/\/consulting.groupe-sos.org\/wp-content\/uploads\/2022\/05\/entreprises-engagees.jpg 400w, https:\/\/consulting.groupe-sos.org\/wp-content\/uploads\/2022\/05\/entreprises-engagees-300x218.jpg 300w\" sizes=\"auto, (max-width: 400px) 100vw, 400px\" \/><\/p>\n<h4 style=\"text-align: center\">Engaged<br \/>\nCompanies<\/h4>\n<p style=\"text-align: center\">Companies are in daily contact with citizens, be it through their employees, clients, suppliers, and partners. They represent major stakeholders within our society.<\/p>\n<p style=\"text-align: center\"><a class=\"button_orange\" href=\"https:\/\/consulting.groupe-sos.org\/en\/acteurs\/entreprises-engagees\/\">Find out more<\/a><\/p>\n    <\/div>\n   <\/div>\n  <\/div>\n\n <\/div>\n<\/div>\n\n\n<div id=\"field_627a290b84c3a\" class=\"container-fluid px-0 flexible_section block_columns\">  <div id=\"field_627a290b84c3a_inner\" class=\"container flexible_section_inner\">     <div class=\"row flexible_section_content\">     <div class=\"col-sm-4 colonne colonne1\">     <div class=\"colonne_inner  text-left\"> <h3 class=\"accrochesos animateOnScroll\" data-anim=\"animate__fadeInLeft\" data-delay=\"none\" data-speed=\"normal\" data-repeat=\"animate__repeat-1\">The experience<br \/> of GROUPE SOS<br \/> at the service<br \/> of your organization<\/h3>     <\/div>    <\/div>    <div class=\"col-sm-8 colonne colonne2\">     <div class=\"colonne_inner  text-left\"> <p><a href=\"https:\/\/www.groupe-sos.org\" target=\"_blank\" rel=\"noopener\"><img loading=\"lazy\" decoding=\"async\" class=\"alignnone size-full wp-image-2153\" src=\"https:\/\/consulting.groupe-sos.org\/wp-content\/uploads\/2022\/05\/GroupeSOS.png\" alt=\"\" width=\"250\" height=\"93\" \/><\/a><\/p> <p>GROUPE SOS was created over 35 years ago with the ambition to fight against all forms of exclusion. Gradually, we have diversified our activities with new approaches throughout the organizations that have joined us. Aiming to improve and increase our social and environmental impact, we are constantly innovating.<\/p> <p><a class=\"button_blue\" href=\"https:\/\/www.groupe-sos.org\" target=\"_blank\" rel=\"noopener\">Find our more<\/a><\/p>     <\/div>    <\/div>   <\/div>   <\/div> <\/div>\n\n<div id=\"field_627a30c8af938\" class=\"container-fluid px-0 flexible_section block_components\">\n <div id=\"field_627a30c8af938_inner\" class=\"container flexible_section_inner\">\n\n   <div class=\"row flexible_section_content\">\n\n   <div class=\" col-sm-12 component component_1   homecounters pb-3\">\n    <div class=\"colonne_inner \">\n  <div class=\"counters row\" id=\"counter_627a30c8af938_1_outer\">\n   <div id=\"counter_627a30c8af938_1_0\" class=\"counters p-3 text-center col-12 col-sm-4\">\n    <div class=\"counters_inner \">\n<h2><span id=\"counter_627a30c8af938_1_0_value\">0<\/span> <\/h2>\r\n<p>year of establishment<\/p>    <\/div>\n   <\/div>\n   <div id=\"counter_627a30c8af938_1_1\" class=\"counters p-3 text-center col-12 col-sm-4\">\n    <div class=\"counters_inner \">\n<h2><span id=\"counter_627a30c8af938_1_1_value\">0<\/span> <\/h2>\r\n<p>countries<\/p>    <\/div>\n   <\/div>\n   <div id=\"counter_627a30c8af938_1_2\" class=\"counters p-3 text-center col-12 col-sm-4\">\n    <div class=\"counters_inner \">\n<h2><span id=\"counter_627a30c8af938_1_2_value\">0<\/span> <\/h2>\r\n<p>employees<\/p>    <\/div>\n   <\/div>\n  <\/div>\n\n    <\/div>\n   <\/div>\n   <div class=\" col-sm-4 component component_2  \">\n    <div class=\"colonne_inner \">\n  <div class=\"counters row\" id=\"counter_627a30c8af938_2_outer\">\n   <div id=\"counter_627a30c8af938_2_0\" class=\"counters p-3 text-center col-12  col-sm-4\">\n    <div class=\"counters_inner \">\n<h2><span id=\"counter_627a30c8af938_2_0_value\">0<\/span> <\/h2>\r\n<p>million of beneficiaries per year<\/p>    <\/div>\n   <\/div>\n  <\/div>\n\n    <\/div>\n   <\/div>\n   <div class=\" col-sm-4 component component_3  \">\n    <div class=\"colonne_inner \">\n  <div class=\"counters row\" id=\"counter_627a30c8af938_3_outer\">\n   <div id=\"counter_627a30c8af938_3_0\" class=\"counters p-3 text-center col-12\">\n    <div class=\"counters_inner \">\n<h2><span id=\"counter_627a30c8af938_3_0_value\">0<\/span> <\/h2>\r\n<p>million budget<\/p>    <\/div>\n   <\/div>\n  <\/div>\n\n    <\/div>\n   <\/div>\n   <div class=\" col-sm-4 component component_4  \">\n    <div class=\"colonne_inner \">\n  <div class=\"counters row\" id=\"counter_627a30c8af938_4_outer\">\n   <div id=\"counter_627a30c8af938_4_0\" class=\"counters p-3 text-center col-12\">\n    <div class=\"counters_inner \">\n<h2><span id=\"counter_627a30c8af938_4_0_value\">0<\/span> <\/h2>\r\n<p>organizations and services<\/p>    <\/div>\n   <\/div>\n  <\/div>\n\n    <\/div>\n   <\/div>\n  <\/div>\n\n <\/div>\n<\/div>\n<script>\r\n\t\t\t\tjQuery(document).ready(function() {\r\n\t\t\t\t\t\t\r\n\r\n\t\t\tjQuery('#counter_627a30c8af938_1_outer').one('inview', function(event, isInView) {\r\n\t\t\t\tif (isInView) {\r\n\t\t\t\t\tjQuery('#counter_627a30c8af938_1_0_value').numerator({ toValue: 1984,\r\n\t\t\teasing: 'linear',\r\n\t\t\tduration: 2000,\r\n\t\t\trounding: 0\r\n\t\t});\njQuery('#counter_627a30c8af938_1_1_value').numerator({ toValue: 33,\r\n\t\t\teasing: 'linear',\r\n\t\t\tduration: 2000,\r\n\t\t\trounding: 0\r\n\t\t});\njQuery('#counter_627a30c8af938_1_2_value').numerator({ toValue: 21500,\r\n\t\t\teasing: 'linear',\r\n\t\t\tduration: 2000,\r\n\t\t\trounding: 0\r\n\t\t});\n\r\n\t\t\t\t} \r\n\t\t\t});\r\n\r\n\t\t\tjQuery('#counter_627a30c8af938_2_outer').one('inview', function(event, isInView) {\r\n\t\t\t\tif (isInView) {\r\n\t\t\t\t\tjQuery('#counter_627a30c8af938_2_0_value').numerator({ toValue: 1.7,\r\n\t\t\teasing: 'linear',\r\n\t\t\tduration: 2000,\r\n\t\t\trounding: 1\r\n\t\t});\n\r\n\t\t\t\t} \r\n\t\t\t});\r\n\r\n\t\t\tjQuery('#counter_627a30c8af938_3_outer').one('inview', function(event, isInView) {\r\n\t\t\t\tif (isInView) {\r\n\t\t\t\t\tjQuery('#counter_627a30c8af938_3_0_value').numerator({ toValue: 1021,\r\n\t\t\teasing: 'linear',\r\n\t\t\tduration: 2000,\r\n\t\t\trounding: 0\r\n\t\t});\n\r\n\t\t\t\t} \r\n\t\t\t});\r\n\r\n\t\t\tjQuery('#counter_627a30c8af938_4_outer').one('inview', function(event, isInView) {\r\n\t\t\t\tif (isInView) {\r\n\t\t\t\t\tjQuery('#counter_627a30c8af938_4_0_value').numerator({ toValue: 600,\r\n\t\t\teasing: 'linear',\r\n\t\t\tduration: 2000,\r\n\t\t\trounding: 0\r\n\t\t});\n\r\n\t\t\t\t} \r\n\t\t\t});\n\r\n\t\t\t\t});\t\t\r\n\t\t\t<\/script>","protected":false},"excerpt":{"rendered":"<p>GROUPE SOS Consulting est l\u2019activit\u00e9 de conseil transverse qui s\u2019appuie sur l\u2019ensemble des comp\u00e9tences et expertises que le Groupe SOS a su d\u00e9velopper depuis pr\u00e8s de 35 ans. <\/p>\n","protected":false},"author":1,"featured_media":0,"parent":0,"menu_order":0,"comment_status":"closed","ping_status":"closed","template":"page-flexipow.php","meta":{"_acf_changed":false,"inline_featured_image":false,"footnotes":""},"class_list":["post-2847","page","type-page","status-publish","hentry"],"acf":[],"yoast_head":"<!-- This site is optimized with the Yoast SEO plugin v26.8 - https:\/\/yoast.com\/product\/yoast-seo-wordpress\/ -->\n<title>Groupe SOS Consulting - Groupe SOS Consulting<\/title>\n<meta name=\"description\" content=\"GROUPE SOS Consulting est l\u2019activit\u00e9 de conseil transverse qui s\u2019appuie sur l\u2019ensemble des comp\u00e9tences et expertises que le Groupe SOS a su d\u00e9velopper depuis pr\u00e8s de 35 ans.\" \/>\n<meta name=\"robots\" content=\"index, follow, max-snippet:-1, max-image-preview:large, max-video-preview:-1\" \/>\n<link rel=\"canonical\" href=\"https:\/\/consulting.groupe-sos.org\/en\/\" \/>\n<meta property=\"og:locale\" content=\"en_US\" \/>\n<meta property=\"og:type\" content=\"article\" \/>\n<meta property=\"og:title\" content=\"Groupe SOS Consulting - Groupe SOS Consulting\" \/>\n<meta property=\"og:description\" content=\"GROUPE SOS Consulting est l\u2019activit\u00e9 de conseil transverse qui s\u2019appuie sur l\u2019ensemble des comp\u00e9tences et expertises que le Groupe SOS a su d\u00e9velopper depuis pr\u00e8s de 35 ans.\" \/>\n<meta property=\"og:url\" content=\"https:\/\/consulting.groupe-sos.org\/en\/\" \/>\n<meta property=\"og:site_name\" content=\"Groupe SOS Consulting\" \/>\n<meta property=\"article:modified_time\" content=\"2024-04-17T13:34:28+00:00\" \/>\n<meta name=\"twitter:card\" content=\"summary_large_image\" \/>\n<meta name=\"twitter:site\" content=\"@gsosconsulting\" \/>\n<meta name=\"twitter:label1\" content=\"Est. reading time\" \/>\n\t<meta name=\"twitter:data1\" content=\"3 minutes\" \/>\n<script type=\"application\/ld+json\" class=\"yoast-schema-graph\">{\"@context\":\"https:\/\/schema.org\",\"@graph\":[{\"@type\":\"WebPage\",\"@id\":\"https:\/\/consulting.groupe-sos.org\/en\/\",\"url\":\"https:\/\/consulting.groupe-sos.org\/en\/\",\"name\":\"Groupe SOS Consulting - Groupe SOS Consulting\",\"isPartOf\":{\"@id\":\"https:\/\/consulting.groupe-sos.org\/en\/#website\"},\"datePublished\":\"2022-05-09T13:52:17+00:00\",\"dateModified\":\"2024-04-17T13:34:28+00:00\",\"description\":\"GROUPE SOS Consulting est l\u2019activit\u00e9 de conseil transverse qui s\u2019appuie sur l\u2019ensemble des comp\u00e9tences et expertises que le Groupe SOS a su d\u00e9velopper depuis pr\u00e8s de 35 ans.\",\"breadcrumb\":{\"@id\":\"https:\/\/consulting.groupe-sos.org\/en\/#breadcrumb\"},\"inLanguage\":\"en-US\",\"potentialAction\":[{\"@type\":\"ReadAction\",\"target\":[\"https:\/\/consulting.groupe-sos.org\/en\/\"]}]},{\"@type\":\"BreadcrumbList\",\"@id\":\"https:\/\/consulting.groupe-sos.org\/en\/#breadcrumb\",\"itemListElement\":[{\"@type\":\"ListItem\",\"position\":1,\"name\":\"Accueil\",\"item\":\"https:\/\/consulting.groupe-sos.org\/en\/\"},{\"@type\":\"ListItem\",\"position\":2,\"name\":\"Groupe SOS Consulting\"}]},{\"@type\":\"WebSite\",\"@id\":\"https:\/\/consulting.groupe-sos.org\/en\/#website\",\"url\":\"https:\/\/consulting.groupe-sos.org\/en\/\",\"name\":\"Groupe SOS Consulting\",\"description\":\"#impacthackers\",\"publisher\":{\"@id\":\"https:\/\/consulting.groupe-sos.org\/en\/#organization\"},\"potentialAction\":[{\"@type\":\"SearchAction\",\"target\":{\"@type\":\"EntryPoint\",\"urlTemplate\":\"https:\/\/consulting.groupe-sos.org\/en\/?s={search_term_string}\"},\"query-input\":{\"@type\":\"PropertyValueSpecification\",\"valueRequired\":true,\"valueName\":\"search_term_string\"}}],\"inLanguage\":\"en-US\"},{\"@type\":\"Organization\",\"@id\":\"https:\/\/consulting.groupe-sos.org\/en\/#organization\",\"name\":\"GROUPE SOS Consulting\",\"url\":\"https:\/\/consulting.groupe-sos.org\/en\/\",\"logo\":{\"@type\":\"ImageObject\",\"inLanguage\":\"en-US\",\"@id\":\"https:\/\/consulting.groupe-sos.org\/en\/#\/schema\/logo\/image\/\",\"url\":\"https:\/\/consulting.groupe-sos.org\/wp-content\/uploads\/2022\/05\/groupesos-consulting-md.png\",\"contentUrl\":\"https:\/\/consulting.groupe-sos.org\/wp-content\/uploads\/2022\/05\/groupesos-consulting-md.png\",\"width\":208,\"height\":80,\"caption\":\"GROUPE SOS Consulting\"},\"image\":{\"@id\":\"https:\/\/consulting.groupe-sos.org\/en\/#\/schema\/logo\/image\/\"},\"sameAs\":[\"https:\/\/x.com\/gsosconsulting\"]}]}<\/script>\n<!-- \/ Yoast SEO plugin. -->","yoast_head_json":{"title":"Groupe SOS Consulting - Groupe SOS Consulting","description":"GROUPE SOS Consulting est l\u2019activit\u00e9 de conseil transverse qui s\u2019appuie sur l\u2019ensemble des comp\u00e9tences et expertises que le Groupe SOS a su d\u00e9velopper depuis pr\u00e8s de 35 ans.","robots":{"index":"index","follow":"follow","max-snippet":"max-snippet:-1","max-image-preview":"max-image-preview:large","max-video-preview":"max-video-preview:-1"},"canonical":"https:\/\/consulting.groupe-sos.org\/en\/","og_locale":"en_US","og_type":"article","og_title":"Groupe SOS Consulting - Groupe SOS Consulting","og_description":"GROUPE SOS Consulting est l\u2019activit\u00e9 de conseil transverse qui s\u2019appuie sur l\u2019ensemble des comp\u00e9tences et expertises que le Groupe SOS a su d\u00e9velopper depuis pr\u00e8s de 35 ans.","og_url":"https:\/\/consulting.groupe-sos.org\/en\/","og_site_name":"Groupe SOS Consulting","article_modified_time":"2024-04-17T13:34:28+00:00","twitter_card":"summary_large_image","twitter_site":"@gsosconsulting","twitter_misc":{"Est. reading time":"3 minutes"},"schema":{"@context":"https:\/\/schema.org","@graph":[{"@type":"WebPage","@id":"https:\/\/consulting.groupe-sos.org\/en\/","url":"https:\/\/consulting.groupe-sos.org\/en\/","name":"Groupe SOS Consulting - Groupe SOS Consulting","isPartOf":{"@id":"https:\/\/consulting.groupe-sos.org\/en\/#website"},"datePublished":"2022-05-09T13:52:17+00:00","dateModified":"2024-04-17T13:34:28+00:00","description":"GROUPE SOS Consulting est l\u2019activit\u00e9 de conseil transverse qui s\u2019appuie sur l\u2019ensemble des comp\u00e9tences et expertises que le Groupe SOS a su d\u00e9velopper depuis pr\u00e8s de 35 ans.","breadcrumb":{"@id":"https:\/\/consulting.groupe-sos.org\/en\/#breadcrumb"},"inLanguage":"en-US","potentialAction":[{"@type":"ReadAction","target":["https:\/\/consulting.groupe-sos.org\/en\/"]}]},{"@type":"BreadcrumbList","@id":"https:\/\/consulting.groupe-sos.org\/en\/#breadcrumb","itemListElement":[{"@type":"ListItem","position":1,"name":"Accueil","item":"https:\/\/consulting.groupe-sos.org\/en\/"},{"@type":"ListItem","position":2,"name":"Groupe SOS Consulting"}]},{"@type":"WebSite","@id":"https:\/\/consulting.groupe-sos.org\/en\/#website","url":"https:\/\/consulting.groupe-sos.org\/en\/","name":"Groupe SOS Consulting","description":"#impacthackers","publisher":{"@id":"https:\/\/consulting.groupe-sos.org\/en\/#organization"},"potentialAction":[{"@type":"SearchAction","target":{"@type":"EntryPoint","urlTemplate":"https:\/\/consulting.groupe-sos.org\/en\/?s={search_term_string}"},"query-input":{"@type":"PropertyValueSpecification","valueRequired":true,"valueName":"search_term_string"}}],"inLanguage":"en-US"},{"@type":"Organization","@id":"https:\/\/consulting.groupe-sos.org\/en\/#organization","name":"GROUPE SOS Consulting","url":"https:\/\/consulting.groupe-sos.org\/en\/","logo":{"@type":"ImageObject","inLanguage":"en-US","@id":"https:\/\/consulting.groupe-sos.org\/en\/#\/schema\/logo\/image\/","url":"https:\/\/consulting.groupe-sos.org\/wp-content\/uploads\/2022\/05\/groupesos-consulting-md.png","contentUrl":"https:\/\/consulting.groupe-sos.org\/wp-content\/uploads\/2022\/05\/groupesos-consulting-md.png","width":208,"height":80,"caption":"GROUPE SOS Consulting"},"image":{"@id":"https:\/\/consulting.groupe-sos.org\/en\/#\/schema\/logo\/image\/"},"sameAs":["https:\/\/x.com\/gsosconsulting"]}]}},"_links":{"self":[{"href":"https:\/\/consulting.groupe-sos.org\/en\/wp-json\/wp\/v2\/pages\/2847","targetHints":{"allow":["GET"]}}],"collection":[{"href":"https:\/\/consulting.groupe-sos.org\/en\/wp-json\/wp\/v2\/pages"}],"about":[{"href":"https:\/\/consulting.groupe-sos.org\/en\/wp-json\/wp\/v2\/types\/page"}],"author":[{"embeddable":true,"href":"https:\/\/consulting.groupe-sos.org\/en\/wp-json\/wp\/v2\/users\/1"}],"replies":[{"embeddable":true,"href":"https:\/\/consulting.groupe-sos.org\/en\/wp-json\/wp\/v2\/comments?post=2847"}],"version-history":[{"count":17,"href":"https:\/\/consulting.groupe-sos.org\/en\/wp-json\/wp\/v2\/pages\/2847\/revisions"}],"predecessor-version":[{"id":7856,"href":"https:\/\/consulting.groupe-sos.org\/en\/wp-json\/wp\/v2\/pages\/2847\/revisions\/7856"}],"wp:attachment":[{"href":"https:\/\/consulting.groupe-sos.org\/en\/wp-json\/wp\/v2\/media?parent=2847"}],"curies":[{"name":"wp","href":"https:\/\/api.w.org\/{rel}","templated":true}]}}